{"id":4516,"date":"2016-07-03T14:12:07","date_gmt":"2016-07-03T14:12:07","guid":{"rendered":"https:\/\/www.makrishotel.gr\/useful-links\/"},"modified":"2021-10-28T11:17:46","modified_gmt":"2021-10-28T08:17:46","slug":"liens-utiles","status":"publish","type":"page","link":"https:\/\/www.makrishotel.gr\/fr\/liens-utiles\/","title":{"rendered":"Liens Utiles"},"content":{"rendered":"<h2>Organisations Liens<\/h2>\n<p><a href=\"https:\/\/mintour.gov.gr\/en\/archiki-english\/\" target=\"_blank\" rel=\"noopener noreferrer\">Minist\u00e8re grec du tourisme<\/a><\/p>\n<h4>Transport<\/h4>\n<p><a href=\"https:\/\/www.aia.gr\/\" target=\"_blank\" rel=\"noopener noreferrer\">L&rsquo;a\u00e9roport international d&rsquo;Ath\u00e8nes<\/a><br \/>\nA\u00e9roport d&rsquo;Ath\u00e8nes \u00ab\u00a0Eleftherios Venizelos\u00a0\u00bb<\/p>\n<p><a href=\"https:\/\/www.bluestarferries.com\/\" target=\"_blank\" rel=\"noopener noreferrer\">Blue Star Ferries<\/a><\/p>\n<p><a href=\"https:\/\/www.flightradar24.com\/\" target=\"_blank\" rel=\"noopener noreferrer\">Live Air Traffic<\/a><br \/>\nMeilleure couverture et fonctionnalit\u00e9s int\u00e9ressantes!<\/p>\n<p><a href=\"https:\/\/www.aegeanair.com\/\" target=\"_blank\" rel=\"noopener noreferrer\">Aegean Airlines Greece<\/a><br \/>\nAegean Airlines &#8211; Site officiel. R\u00e9servez votre vol pour les destinations grecques!<\/p>\n<h4>Vin de Santorin<\/h4>\n<p><a href=\"https:\/\/www.artspace-santorini.com\/\" target=\"_blank\" rel=\"noopener noreferrer\">Art Space Winery<\/a><\/p>\n<p><a href=\"https:\/\/www.canavaroussos.gr\/\" target=\"_blank\" rel=\"noopener noreferrer\">Canava Roussos<\/a><\/p>\n<p><a href=\"https:\/\/www.wine-museum-koutsoyannopoulos.gr\/\" target=\"_blank\" rel=\"noopener noreferrer\">Mus\u00e9e du vin Koutsoyannopoulos<\/a><\/p>\n<h4>Les \u00eeles Greques<\/h4>\n<p><a href=\"https:\/\/www.facebook.com\/MykonosHolidays\" target=\"_blank\" rel=\"noopener noreferrer\">Mykonos Gr\u00e8ce<\/a><br \/>\nL&rsquo;\u00eele de Mykonos sur Facebook!<\/p>\n<p><a href=\"https:\/\/www.facebook.com\/RhodesVacations\" target=\"_blank\" rel=\"noopener noreferrer\">Rhodes Gr\u00e8ce<\/a><br \/>\nL&rsquo;\u00eele de Rhides sur Facebook!<\/p>\n<h4>Expositions d&rsquo;art<\/h4>\n<p><a href=\"https:\/\/www.cycladic.gr\/\" target=\"_blank\" rel=\"noopener noreferrer\">Mus\u00e9e d&rsquo;art cycladique<\/a><br \/>\nMus\u00e9e d&rsquo;art cycladique &#8211; Fondation Goulandris<\/p>\n","protected":false},"excerpt":{"rendered":"<p>Organisations Liens Minist\u00e8re grec du tourisme Transport L&rsquo;a\u00e9roport international d&rsquo;Ath\u00e8nes A\u00e9roport d&rsquo;Ath\u00e8nes \u00ab\u00a0Eleftherios Venizelos\u00a0\u00bb Blue Star Ferries Live Air Traffic Meilleure couverture et fonctionnalit\u00e9s int\u00e9ressantes! Aegean Airlines Greece Aegean Airlines &#8211; Site officiel. R\u00e9servez votre vol pour les destinations grecques! Vin de Santorin Art Space Winery Canava Roussos Mus\u00e9e du vin Koutsoyannopoulos Les \u00eeles Greques [&hellip;]<\/p>\n","protected":false},"author":3,"featured_media":4078,"parent":0,"menu_order":0,"comment_status":"closed","ping_status":"closed","template":"","meta":[],"acf":[],"yoast_head":"<!-- This site is optimized with the Yoast SEO plugin v20.0 - https:\/\/yoast.com\/wordpress\/plugins\/seo\/ -->\n<title>Liens Utiles - Makris Santorin Hotel Kamari<\/title>\n<meta name=\"description\" content=\"Organisations Liens, Transport, Vin de Santorin, Les \u00eeles Greques, Expositions d&#039;art, Mus\u00e9e d&#039;art cycladique - Fondation Goulandris\" \/>\n<meta name=\"robots\" content=\"index, follow, max-snippet:-1, max-image-preview:large, max-video-preview:-1\" \/>\n<link rel=\"canonical\" href=\"https:\/\/www.makrishotel.gr\/fr\/liens-utiles\/\" \/>\n<meta property=\"og:locale\" content=\"fr_FR\" \/>\n<meta property=\"og:type\" content=\"article\" \/>\n<meta property=\"og:title\" content=\"Liens Utiles - Makris Santorin Hotel Kamari\" \/>\n<meta property=\"og:description\" content=\"Organisations Liens, Transport, Vin de Santorin, Les \u00eeles Greques, Expositions d&#039;art, Mus\u00e9e d&#039;art cycladique - Fondation Goulandris\" \/>\n<meta property=\"og:url\" content=\"https:\/\/www.makrishotel.gr\/fr\/liens-utiles\/\" \/>\n<meta property=\"og:site_name\" content=\"Makris Santorini Hotel Kamari Beach\" \/>\n<meta property=\"article:publisher\" content=\"https:\/\/www.facebook.com\/MakrisHotelSantorini\" \/>\n<meta property=\"article:modified_time\" content=\"2021-10-28T08:17:46+00:00\" \/>\n<meta property=\"og:image\" content=\"https:\/\/www.makrishotel.gr\/wp-content\/uploads\/2016\/07\/Useful-Links-Makris-Hotel-Kamari-Santorini.jpg\" \/>\n\t<meta property=\"og:image:width\" content=\"2560\" \/>\n\t<meta property=\"og:image:height\" content=\"613\" \/>\n\t<meta property=\"og:image:type\" content=\"image\/jpeg\" \/>\n<meta name=\"twitter:card\" content=\"summary_large_image\" \/>\n<script type=\"application\/ld+json\" class=\"yoast-schema-graph\">{\"@context\":\"https:\/\/schema.org\",\"@graph\":[{\"@type\":\"WebPage\",\"@id\":\"https:\/\/www.makrishotel.gr\/fr\/liens-utiles\/\",\"url\":\"https:\/\/www.makrishotel.gr\/fr\/liens-utiles\/\",\"name\":\"Liens Utiles - Makris Santorin Hotel Kamari\",\"isPartOf\":{\"@id\":\"https:\/\/www.makrishotel.gr\/#website\"},\"datePublished\":\"2016-07-03T14:12:07+00:00\",\"dateModified\":\"2021-10-28T08:17:46+00:00\",\"description\":\"Organisations Liens, Transport, Vin de Santorin, Les \u00eeles Greques, Expositions d'art, Mus\u00e9e d'art cycladique - Fondation Goulandris\",\"inLanguage\":\"fr-FR\",\"potentialAction\":[{\"@type\":\"ReadAction\",\"target\":[\"https:\/\/www.makrishotel.gr\/fr\/liens-utiles\/\"]}]},{\"@type\":\"WebSite\",\"@id\":\"https:\/\/www.makrishotel.gr\/#website\",\"url\":\"https:\/\/www.makrishotel.gr\/\",\"name\":\"Makris Santorini Hotel Kamari Beach\",\"description\":\"\",\"publisher\":{\"@id\":\"https:\/\/www.makrishotel.gr\/#organization\"},\"potentialAction\":[{\"@type\":\"SearchAction\",\"target\":{\"@type\":\"EntryPoint\",\"urlTemplate\":\"https:\/\/www.makrishotel.gr\/?s={search_term_string}\"},\"query-input\":\"required name=search_term_string\"}],\"inLanguage\":\"fr-FR\"},{\"@type\":\"Organization\",\"@id\":\"https:\/\/www.makrishotel.gr\/#organization\",\"name\":\"Makris Santorini Hotel Kamari Beach\",\"url\":\"https:\/\/www.makrishotel.gr\/\",\"logo\":{\"@type\":\"ImageObject\",\"inLanguage\":\"fr-FR\",\"@id\":\"https:\/\/www.makrishotel.gr\/#\/schema\/logo\/image\/\",\"url\":\"https:\/\/www.makrishotel.gr\/wp-content\/uploads\/2016\/07\/logo.png\",\"contentUrl\":\"https:\/\/www.makrishotel.gr\/wp-content\/uploads\/2016\/07\/logo.png\",\"width\":284,\"height\":62,\"caption\":\"Makris Santorini Hotel Kamari Beach\"},\"image\":{\"@id\":\"https:\/\/www.makrishotel.gr\/#\/schema\/logo\/image\/\"},\"sameAs\":[\"https:\/\/www.facebook.com\/MakrisHotelSantorini\"]}]}<\/script>\n<!-- \/ Yoast SEO plugin. -->","yoast_head_json":{"title":"Liens Utiles - Makris Santorin Hotel Kamari","description":"Organisations Liens, Transport, Vin de Santorin, Les \u00eeles Greques, Expositions d'art, Mus\u00e9e d'art cycladique - Fondation Goulandris","robots":{"index":"index","follow":"follow","max-snippet":"max-snippet:-1","max-image-preview":"max-image-preview:large","max-video-preview":"max-video-preview:-1"},"canonical":"https:\/\/www.makrishotel.gr\/fr\/liens-utiles\/","og_locale":"fr_FR","og_type":"article","og_title":"Liens Utiles - Makris Santorin Hotel Kamari","og_description":"Organisations Liens, Transport, Vin de Santorin, Les \u00eeles Greques, Expositions d'art, Mus\u00e9e d'art cycladique - Fondation Goulandris","og_url":"https:\/\/www.makrishotel.gr\/fr\/liens-utiles\/","og_site_name":"Makris Santorini Hotel Kamari Beach","article_publisher":"https:\/\/www.facebook.com\/MakrisHotelSantorini","article_modified_time":"2021-10-28T08:17:46+00:00","og_image":[{"width":2560,"height":613,"url":"https:\/\/www.makrishotel.gr\/wp-content\/uploads\/2016\/07\/Useful-Links-Makris-Hotel-Kamari-Santorini.jpg","type":"image\/jpeg"}],"twitter_card":"summary_large_image","schema":{"@context":"https:\/\/schema.org","@graph":[{"@type":"WebPage","@id":"https:\/\/www.makrishotel.gr\/fr\/liens-utiles\/","url":"https:\/\/www.makrishotel.gr\/fr\/liens-utiles\/","name":"Liens Utiles - Makris Santorin Hotel Kamari","isPartOf":{"@id":"https:\/\/www.makrishotel.gr\/#website"},"datePublished":"2016-07-03T14:12:07+00:00","dateModified":"2021-10-28T08:17:46+00:00","description":"Organisations Liens, Transport, Vin de Santorin, Les \u00eeles Greques, Expositions d'art, Mus\u00e9e d'art cycladique - Fondation Goulandris","inLanguage":"fr-FR","potentialAction":[{"@type":"ReadAction","target":["https:\/\/www.makrishotel.gr\/fr\/liens-utiles\/"]}]},{"@type":"WebSite","@id":"https:\/\/www.makrishotel.gr\/#website","url":"https:\/\/www.makrishotel.gr\/","name":"Makris Santorini Hotel Kamari Beach","description":"","publisher":{"@id":"https:\/\/www.makrishotel.gr\/#organization"},"potentialAction":[{"@type":"SearchAction","target":{"@type":"EntryPoint","urlTemplate":"https:\/\/www.makrishotel.gr\/?s={search_term_string}"},"query-input":"required name=search_term_string"}],"inLanguage":"fr-FR"},{"@type":"Organization","@id":"https:\/\/www.makrishotel.gr\/#organization","name":"Makris Santorini Hotel Kamari Beach","url":"https:\/\/www.makrishotel.gr\/","logo":{"@type":"ImageObject","inLanguage":"fr-FR","@id":"https:\/\/www.makrishotel.gr\/#\/schema\/logo\/image\/","url":"https:\/\/www.makrishotel.gr\/wp-content\/uploads\/2016\/07\/logo.png","contentUrl":"https:\/\/www.makrishotel.gr\/wp-content\/uploads\/2016\/07\/logo.png","width":284,"height":62,"caption":"Makris Santorini Hotel Kamari Beach"},"image":{"@id":"https:\/\/www.makrishotel.gr\/#\/schema\/logo\/image\/"},"sameAs":["https:\/\/www.facebook.com\/MakrisHotelSantorini"]}]}},"_links":{"self":[{"href":"https:\/\/www.makrishotel.gr\/fr\/wp-json\/wp\/v2\/pages\/4516"}],"collection":[{"href":"https:\/\/www.makrishotel.gr\/fr\/wp-json\/wp\/v2\/pages"}],"about":[{"href":"https:\/\/www.makrishotel.gr\/fr\/wp-json\/wp\/v2\/types\/page"}],"author":[{"embeddable":true,"href":"https:\/\/www.makrishotel.gr\/fr\/wp-json\/wp\/v2\/users\/3"}],"replies":[{"embeddable":true,"href":"https:\/\/www.makrishotel.gr\/fr\/wp-json\/wp\/v2\/comments?post=4516"}],"version-history":[{"count":0,"href":"https:\/\/www.makrishotel.gr\/fr\/wp-json\/wp\/v2\/pages\/4516\/revisions"}],"wp:featuredmedia":[{"embeddable":true,"href":"https:\/\/www.makrishotel.gr\/fr\/wp-json\/wp\/v2\/media\/4078"}],"wp:attachment":[{"href":"https:\/\/www.makrishotel.gr\/fr\/wp-json\/wp\/v2\/media?parent=4516"}],"curies":[{"name":"wp","href":"https:\/\/api.w.org\/{rel}","templated":true}]}}