{"id":4509,"date":"2016-07-02T18:00:05","date_gmt":"2016-07-02T18:00:05","guid":{"rendered":"https:\/\/www.makrishotel.gr\/ile-de-santorin\/santorini-beaches\/"},"modified":"2021-10-28T10:50:45","modified_gmt":"2021-10-28T07:50:45","slug":"les-plages-de-santorin","status":"publish","type":"page","link":"https:\/\/www.makrishotel.gr\/fr\/ile-de-santorin\/les-plages-de-santorin\/","title":{"rendered":"Les plages de Santorin"},"content":{"rendered":"<p>Les plages de Santorin sont tr\u00e8s diff\u00e9rentes des autres plages de Gr\u00e8ce en raison de leurs caract\u00e9ristiques g\u00e9ographiques sp\u00e9ciales.<\/p>\n<h2>La plage de Kamari<\/h2>\n<p><strong><a href=\"https:\/\/www.makrishotel.gr\/fr\/ile-de-santorin\/kamari\/\">La plage de Kamari<\/a><\/strong> se trouve \u00e0 10 km au sud de Fira. Il s\u2019agit de l\u2019une des plages les plus populaires de Santorin, form\u00e9e de sable noir et d\u2019une \u00e9norme formation rocheuse s\u2019\u00e9levant derri\u00e8re la plage. Si vous vous rendez sur la plage le soir, vous serez impressionn\u00e9 par la formation rocheuse magnifiquement \u00e9clair\u00e9e et les jeux de lumi\u00e8re sur les rochers. La plage de Kamari est une plage familiale.<\/p>\n<h3>Perissa<\/h3>\n<p>La plage de Perissa se trouve \u00e0 environ 15 km de Fira et 10 km de l\u2019a\u00e9roport de Santorin. Le village est l\u2019une des stations baln\u00e9aires les plus c\u00e9l\u00e8bres et les plus populaires de l\u2019\u00eele, sa plage de sable noir \u00e9tant la plus photographi\u00e9e et la plus c\u00e9l\u00e8bre de l\u2019\u00eele. Si vous ne r\u00e9sidez pas \u00e0 Perissa et venez \u00e0 la plage depuis un autre lieu, il est conseill\u00e9 d\u2019essayer d\u2019arriver avant midi : ensuite, vous ne trouverez m\u00eame pas un grain de sable pour vous asseoir. La plage de Perissa propose un grand nombre d\u2019h\u00e9bergements et de restaurants.<\/p>\n<h4>Plage rouge<\/h4>\n<p>La Plage rouge est peut-\u00eatre la plage la plus spectaculaire. Elle se trouve \u00e0 environ 8 km de Fira et \u00e0 l\u2019oppos\u00e9 du Cap. Compos\u00e9e de roches volcaniques rouges et noires, elle est extr\u00eamement populaire aupr\u00e8s des touristes. Il s\u2019agit de l\u2019une des plages les plus attrayantes et fascinantes du monde. Vous pouvez vous y rendre \u00e0 pied (10 minutes de marche depuis un parking) ou vous pouvez choisir les bateaux partant de la plage d\u2019Akrotiri, de Kamari ou de Perissa.<\/p>\n<h4>Monolithos<\/h4>\n<p>La plage de Monolithos est \u00e0 proximit\u00e9 imm\u00e9diate de Kamari mais est moins fr\u00e9quent\u00e9e. Elle est consid\u00e9r\u00e9e comme une plage familiale en raison de son sable fin et de ses eaux peu profondes. La plage de Monolithos est id\u00e9ale pour les activit\u00e9s de plein air et le sport. Monolithos est une plage calme mais bien organis\u00e9e.<\/p>\n<p>Vous pourrez d\u00e9couvrir de nombreuses autres plages \u00e0 Santorin:<\/p>\n<ul>\n<li>Plage de Perivolos \u00e0 proximit\u00e9 de Perissa<\/li>\n<li>Cap Columbo, plus isol\u00e9 et calme<\/li>\n<li>Plages de Vlihada et Vourvoulos<\/li>\n<\/ul>\n","protected":false},"excerpt":{"rendered":"<p>Kamari, Perissa, Red Beach, Monolithos and many other beaches that you can visit.<\/p>\n","protected":false},"author":3,"featured_media":4075,"parent":4491,"menu_order":3,"comment_status":"closed","ping_status":"closed","template":"","meta":[],"acf":[],"yoast_head":"<!-- This site is optimized with the Yoast SEO plugin v20.0 - https:\/\/yoast.com\/wordpress\/plugins\/seo\/ -->\n<title>Les plages de Santorin - Makris Hotel Kamari Santorin<\/title>\n<meta name=\"description\" content=\"Les plages de Santorin sont tr\u00e8s diff\u00e9rentes des autres plages de Gr\u00e8ce en raison de leurs caract\u00e9ristiques g\u00e9ographiques sp\u00e9ciales.\" \/>\n<meta name=\"robots\" content=\"index, follow, max-snippet:-1, max-image-preview:large, max-video-preview:-1\" \/>\n<link rel=\"canonical\" href=\"https:\/\/www.makrishotel.gr\/fr\/ile-de-santorin\/les-plages-de-santorin\/\" \/>\n<meta property=\"og:locale\" content=\"fr_FR\" \/>\n<meta property=\"og:type\" content=\"article\" \/>\n<meta property=\"og:title\" content=\"Les plages de Santorin - Makris Hotel Kamari Santorin\" \/>\n<meta property=\"og:description\" content=\"Les plages de Santorin sont tr\u00e8s diff\u00e9rentes des autres plages de Gr\u00e8ce en raison de leurs caract\u00e9ristiques g\u00e9ographiques sp\u00e9ciales.\" \/>\n<meta property=\"og:url\" content=\"https:\/\/www.makrishotel.gr\/fr\/ile-de-santorin\/les-plages-de-santorin\/\" \/>\n<meta property=\"og:site_name\" content=\"Makris Santorini Hotel Kamari Beach\" \/>\n<meta property=\"article:publisher\" content=\"https:\/\/www.facebook.com\/MakrisHotelSantorini\" \/>\n<meta property=\"article:modified_time\" content=\"2021-10-28T07:50:45+00:00\" \/>\n<meta property=\"og:image\" content=\"https:\/\/www.makrishotel.gr\/wp-content\/uploads\/2016\/07\/beaches-Makris-Hotel-Kamari-Santorini.jpg\" \/>\n\t<meta property=\"og:image:width\" content=\"2560\" \/>\n\t<meta property=\"og:image:height\" content=\"613\" \/>\n\t<meta property=\"og:image:type\" content=\"image\/jpeg\" \/>\n<meta name=\"twitter:card\" content=\"summary_large_image\" \/>\n<meta name=\"twitter:label1\" content=\"Dur\u00e9e de lecture estim\u00e9e\" \/>\n\t<meta name=\"twitter:data1\" content=\"2 minutes\" \/>\n<script type=\"application\/ld+json\" class=\"yoast-schema-graph\">{\"@context\":\"https:\/\/schema.org\",\"@graph\":[{\"@type\":\"WebPage\",\"@id\":\"https:\/\/www.makrishotel.gr\/fr\/ile-de-santorin\/les-plages-de-santorin\/\",\"url\":\"https:\/\/www.makrishotel.gr\/fr\/ile-de-santorin\/les-plages-de-santorin\/\",\"name\":\"Les plages de Santorin - Makris Hotel Kamari Santorin\",\"isPartOf\":{\"@id\":\"https:\/\/www.makrishotel.gr\/#website\"},\"datePublished\":\"2016-07-02T18:00:05+00:00\",\"dateModified\":\"2021-10-28T07:50:45+00:00\",\"description\":\"Les plages de Santorin sont tr\u00e8s diff\u00e9rentes des autres plages de Gr\u00e8ce en raison de leurs caract\u00e9ristiques g\u00e9ographiques sp\u00e9ciales.\",\"breadcrumb\":{\"@id\":\"https:\/\/www.makrishotel.gr\/fr\/ile-de-santorin\/les-plages-de-santorin\/#breadcrumb\"},\"inLanguage\":\"fr-FR\",\"potentialAction\":[{\"@type\":\"ReadAction\",\"target\":[\"https:\/\/www.makrishotel.gr\/fr\/ile-de-santorin\/les-plages-de-santorin\/\"]}]},{\"@type\":\"BreadcrumbList\",\"@id\":\"https:\/\/www.makrishotel.gr\/fr\/ile-de-santorin\/les-plages-de-santorin\/#breadcrumb\",\"itemListElement\":[{\"@type\":\"ListItem\",\"position\":1,\"name\":\"\u00cele de Santorin\",\"item\":\"https:\/\/www.makrishotel.gr\/fr\/ile-de-santorin\/\"},{\"@type\":\"ListItem\",\"position\":2,\"name\":\"Les plages de Santorin\"}]},{\"@type\":\"WebSite\",\"@id\":\"https:\/\/www.makrishotel.gr\/#website\",\"url\":\"https:\/\/www.makrishotel.gr\/\",\"name\":\"Makris Santorini Hotel Kamari Beach\",\"description\":\"\",\"publisher\":{\"@id\":\"https:\/\/www.makrishotel.gr\/#organization\"},\"potentialAction\":[{\"@type\":\"SearchAction\",\"target\":{\"@type\":\"EntryPoint\",\"urlTemplate\":\"https:\/\/www.makrishotel.gr\/?s={search_term_string}\"},\"query-input\":\"required name=search_term_string\"}],\"inLanguage\":\"fr-FR\"},{\"@type\":\"Organization\",\"@id\":\"https:\/\/www.makrishotel.gr\/#organization\",\"name\":\"Makris Santorini Hotel Kamari Beach\",\"url\":\"https:\/\/www.makrishotel.gr\/\",\"logo\":{\"@type\":\"ImageObject\",\"inLanguage\":\"fr-FR\",\"@id\":\"https:\/\/www.makrishotel.gr\/#\/schema\/logo\/image\/\",\"url\":\"https:\/\/www.makrishotel.gr\/wp-content\/uploads\/2016\/07\/logo.png\",\"contentUrl\":\"https:\/\/www.makrishotel.gr\/wp-content\/uploads\/2016\/07\/logo.png\",\"width\":284,\"height\":62,\"caption\":\"Makris Santorini Hotel Kamari Beach\"},\"image\":{\"@id\":\"https:\/\/www.makrishotel.gr\/#\/schema\/logo\/image\/\"},\"sameAs\":[\"https:\/\/www.facebook.com\/MakrisHotelSantorini\"]}]}<\/script>\n<!-- \/ Yoast SEO plugin. -->","yoast_head_json":{"title":"Les plages de Santorin - Makris Hotel Kamari Santorin","description":"Les plages de Santorin sont tr\u00e8s diff\u00e9rentes des autres plages de Gr\u00e8ce en raison de leurs caract\u00e9ristiques g\u00e9ographiques sp\u00e9ciales.","robots":{"index":"index","follow":"follow","max-snippet":"max-snippet:-1","max-image-preview":"max-image-preview:large","max-video-preview":"max-video-preview:-1"},"canonical":"https:\/\/www.makrishotel.gr\/fr\/ile-de-santorin\/les-plages-de-santorin\/","og_locale":"fr_FR","og_type":"article","og_title":"Les plages de Santorin - Makris Hotel Kamari Santorin","og_description":"Les plages de Santorin sont tr\u00e8s diff\u00e9rentes des autres plages de Gr\u00e8ce en raison de leurs caract\u00e9ristiques g\u00e9ographiques sp\u00e9ciales.","og_url":"https:\/\/www.makrishotel.gr\/fr\/ile-de-santorin\/les-plages-de-santorin\/","og_site_name":"Makris Santorini Hotel Kamari Beach","article_publisher":"https:\/\/www.facebook.com\/MakrisHotelSantorini","article_modified_time":"2021-10-28T07:50:45+00:00","og_image":[{"width":2560,"height":613,"url":"https:\/\/www.makrishotel.gr\/wp-content\/uploads\/2016\/07\/beaches-Makris-Hotel-Kamari-Santorini.jpg","type":"image\/jpeg"}],"twitter_card":"summary_large_image","twitter_misc":{"Dur\u00e9e de lecture estim\u00e9e":"2 minutes"},"schema":{"@context":"https:\/\/schema.org","@graph":[{"@type":"WebPage","@id":"https:\/\/www.makrishotel.gr\/fr\/ile-de-santorin\/les-plages-de-santorin\/","url":"https:\/\/www.makrishotel.gr\/fr\/ile-de-santorin\/les-plages-de-santorin\/","name":"Les plages de Santorin - Makris Hotel Kamari Santorin","isPartOf":{"@id":"https:\/\/www.makrishotel.gr\/#website"},"datePublished":"2016-07-02T18:00:05+00:00","dateModified":"2021-10-28T07:50:45+00:00","description":"Les plages de Santorin sont tr\u00e8s diff\u00e9rentes des autres plages de Gr\u00e8ce en raison de leurs caract\u00e9ristiques g\u00e9ographiques sp\u00e9ciales.","breadcrumb":{"@id":"https:\/\/www.makrishotel.gr\/fr\/ile-de-santorin\/les-plages-de-santorin\/#breadcrumb"},"inLanguage":"fr-FR","potentialAction":[{"@type":"ReadAction","target":["https:\/\/www.makrishotel.gr\/fr\/ile-de-santorin\/les-plages-de-santorin\/"]}]},{"@type":"BreadcrumbList","@id":"https:\/\/www.makrishotel.gr\/fr\/ile-de-santorin\/les-plages-de-santorin\/#breadcrumb","itemListElement":[{"@type":"ListItem","position":1,"name":"\u00cele de Santorin","item":"https:\/\/www.makrishotel.gr\/fr\/ile-de-santorin\/"},{"@type":"ListItem","position":2,"name":"Les plages de Santorin"}]},{"@type":"WebSite","@id":"https:\/\/www.makrishotel.gr\/#website","url":"https:\/\/www.makrishotel.gr\/","name":"Makris Santorini Hotel Kamari Beach","description":"","publisher":{"@id":"https:\/\/www.makrishotel.gr\/#organization"},"potentialAction":[{"@type":"SearchAction","target":{"@type":"EntryPoint","urlTemplate":"https:\/\/www.makrishotel.gr\/?s={search_term_string}"},"query-input":"required name=search_term_string"}],"inLanguage":"fr-FR"},{"@type":"Organization","@id":"https:\/\/www.makrishotel.gr\/#organization","name":"Makris Santorini Hotel Kamari Beach","url":"https:\/\/www.makrishotel.gr\/","logo":{"@type":"ImageObject","inLanguage":"fr-FR","@id":"https:\/\/www.makrishotel.gr\/#\/schema\/logo\/image\/","url":"https:\/\/www.makrishotel.gr\/wp-content\/uploads\/2016\/07\/logo.png","contentUrl":"https:\/\/www.makrishotel.gr\/wp-content\/uploads\/2016\/07\/logo.png","width":284,"height":62,"caption":"Makris Santorini Hotel Kamari Beach"},"image":{"@id":"https:\/\/www.makrishotel.gr\/#\/schema\/logo\/image\/"},"sameAs":["https:\/\/www.facebook.com\/MakrisHotelSantorini"]}]}},"_links":{"self":[{"href":"https:\/\/www.makrishotel.gr\/fr\/wp-json\/wp\/v2\/pages\/4509"}],"collection":[{"href":"https:\/\/www.makrishotel.gr\/fr\/wp-json\/wp\/v2\/pages"}],"about":[{"href":"https:\/\/www.makrishotel.gr\/fr\/wp-json\/wp\/v2\/types\/page"}],"author":[{"embeddable":true,"href":"https:\/\/www.makrishotel.gr\/fr\/wp-json\/wp\/v2\/users\/3"}],"replies":[{"embeddable":true,"href":"https:\/\/www.makrishotel.gr\/fr\/wp-json\/wp\/v2\/comments?post=4509"}],"version-history":[{"count":0,"href":"https:\/\/www.makrishotel.gr\/fr\/wp-json\/wp\/v2\/pages\/4509\/revisions"}],"up":[{"embeddable":true,"href":"https:\/\/www.makrishotel.gr\/fr\/wp-json\/wp\/v2\/pages\/4491"}],"wp:featuredmedia":[{"embeddable":true,"href":"https:\/\/www.makrishotel.gr\/fr\/wp-json\/wp\/v2\/media\/4075"}],"wp:attachment":[{"href":"https:\/\/www.makrishotel.gr\/fr\/wp-json\/wp\/v2\/media?parent=4509"}],"curies":[{"name":"wp","href":"https:\/\/api.w.org\/{rel}","templated":true}]}}