{"id":4506,"date":"2016-07-02T17:59:45","date_gmt":"2016-07-02T17:59:45","guid":{"rendered":"https:\/\/www.makrishotel.gr\/ile-de-santorin\/volcano-island\/"},"modified":"2021-10-28T11:19:27","modified_gmt":"2021-10-28T08:19:27","slug":"lile-volcanique","status":"publish","type":"page","link":"https:\/\/www.makrishotel.gr\/fr\/ile-de-santorin\/lile-volcanique\/","title":{"rendered":"L\u2019\u00eele volcanique"},"content":{"rendered":"<p>L\u2019\u00eele volcanique est un p\u00f4le d\u2019attraction pour les touristes en raison de ses sources thermales aux vertus th\u00e9rapeutiques.<\/p>\n<h2>Une image visuelle unique sur Terre<\/h2>\n<p>Santorin est l\u2019un des cinq centres volcaniques qui composent l\u2019arc volcanique sud-\u00e9g\u00e9en. Elle donne l\u2019impression de venir de sortir de la mer bleu fonc\u00e9. Vous pourrez voir le sommet des \u00e9normes roches volcaniques couvert de maisons et d\u2019\u00e9glises blanchies \u00e0 la chaux. La juxtaposition couche sur couche de roche volcanique rouge cr\u00e9e une image visuelle unique sur Terre.<\/p>\n<h4>L\u2019un des plus grands volcans sous-marins du monde<\/h4>\n<p>Le volcan est l\u2019un des plus grands volcans sous-marins du monde Il s\u2019agit peut-\u00eatre du seul volcan dont la caldera atteint la mer. Sa plus grande explosion s\u2019est produite \u00e0 l\u2019\u00e2ge du Bronze minoen. Le centre de l\u2019\u00eele circulaire s\u2019est enfonc\u00e9 dans la mer lors d\u2019une \u00e9norme \u00e9ruption volcanique. L\u2019\u00e9ruption a caus\u00e9 un raz-de-mar\u00e9e qui a litt\u00e9ralement an\u00e9anti la civilisation \u00e9volu\u00e9e de la Cr\u00e8te minoenne, \u00e0 110 km au sud de Santorin.<\/p>\n<h4>L\u2019\u00e9ruption Minoenne<\/h4>\n<p>L\u2019activit\u00e9 volcanique de Santorin au cours des 2-500 000 derni\u00e8res ann\u00e9es a \u00e9t\u00e9 domin\u00e9e par des \u00e9ruptions explosives tr\u00e8s importantes \u00e0 des intervalles de quelques dizaines de milliers d\u2019ann\u00e9es. L\u2019\u00e9ruption minoenne de Th\u00e9ra, \u00e9galement appel\u00e9e \u00e9ruption de Th\u00e9ra ou \u00e9ruption de Santorin, a \u00e9t\u00e9 une \u00e9ruption volcanique catastrophique majeure avec un indice d\u2019explosivit\u00e9 volcanique (VEI) de 6 ou 7 et un \u00e9quivalent de roche dense (DRE) de 60 km3. Datant du milieu du deuxi\u00e8me mill\u00e9naire avant notre \u00e8re, l\u2019\u00e9ruption a \u00e9t\u00e9 l\u2019un des \u00e9v\u00e9nements volcaniques les plus importants de l\u2019histoire sur Terre. L\u2019\u00e9ruption a d\u00e9truit une \u00eele habit\u00e9e et extr\u00eamement d\u00e9velopp\u00e9e culturellement, ce qui constitue peut-\u00eatre l\u2019origine de la l\u00e9gende de l\u2019Atlantide, comme le pensent de nombreux scientifiques. Les effets de l\u2019\u00e9ruption de Th\u00e9ra pourraient expliquer de nombreux fl\u00e9aux d\u00e9crits dans l\u2019Ancien Testament, notamment les jours d\u2019obscurit\u00e9 et la pollution des rivi\u00e8res, d\u2019apr\u00e8s certaines th\u00e9ories.<\/p>\n<h4>\u00c0 voir \u00e9galement:<\/h4>\n<ul>\n<li>Le site arch\u00e9ologique de <strong>Akrotiri<\/strong><\/li>\n<li>Le c\u00e9l\u00e8bre <strong>Coucher de soleil \u00e0 Oia<\/strong><\/li>\n<li>Le seul port d\u2019Amoudi<\/li>\n<li>Les villages traditionnels de Pyrgos et Megalochori<\/li>\n<\/ul>\n","protected":false},"excerpt":{"rendered":"<p>Santorini is one of the five volcanic centers that make up the southern Aegean&#8230;<\/p>\n","protected":false},"author":3,"featured_media":4074,"parent":4491,"menu_order":2,"comment_status":"closed","ping_status":"closed","template":"","meta":[],"acf":[],"yoast_head":"<!-- This site is optimized with the Yoast SEO plugin v20.0 - https:\/\/yoast.com\/wordpress\/plugins\/seo\/ -->\n<title>L\u2019\u00eele volcanique - Makris Santorin Hotel Kamari<\/title>\n<meta name=\"description\" content=\"L\u2019\u00eele volcanique est un p\u00f4le d\u2019attraction pour les touristes en raison de ses sources thermales aux vertus th\u00e9rapeutiques.\" \/>\n<meta name=\"robots\" content=\"index, follow, max-snippet:-1, max-image-preview:large, max-video-preview:-1\" \/>\n<link rel=\"canonical\" href=\"https:\/\/www.makrishotel.gr\/fr\/ile-de-santorin\/lile-volcanique\/\" \/>\n<meta property=\"og:locale\" content=\"fr_FR\" \/>\n<meta property=\"og:type\" content=\"article\" \/>\n<meta property=\"og:title\" content=\"L\u2019\u00eele volcanique - Makris Santorin Hotel Kamari\" \/>\n<meta property=\"og:description\" content=\"L\u2019\u00eele volcanique est un p\u00f4le d\u2019attraction pour les touristes en raison de ses sources thermales aux vertus th\u00e9rapeutiques.\" \/>\n<meta property=\"og:url\" content=\"https:\/\/www.makrishotel.gr\/fr\/ile-de-santorin\/lile-volcanique\/\" \/>\n<meta property=\"og:site_name\" content=\"Makris Santorini Hotel Kamari Beach\" \/>\n<meta property=\"article:publisher\" content=\"https:\/\/www.facebook.com\/MakrisHotelSantorini\" \/>\n<meta property=\"article:modified_time\" content=\"2021-10-28T08:19:27+00:00\" \/>\n<meta property=\"og:image\" content=\"https:\/\/www.makrishotel.gr\/wp-content\/uploads\/2016\/07\/volcano-island-Makris-Hotel-Kamari-Santorini.jpg\" \/>\n\t<meta property=\"og:image:width\" content=\"2560\" \/>\n\t<meta property=\"og:image:height\" content=\"613\" \/>\n\t<meta property=\"og:image:type\" content=\"image\/jpeg\" \/>\n<meta name=\"twitter:card\" content=\"summary_large_image\" \/>\n<meta name=\"twitter:label1\" content=\"Dur\u00e9e de lecture estim\u00e9e\" \/>\n\t<meta name=\"twitter:data1\" content=\"2 minutes\" \/>\n<script type=\"application\/ld+json\" class=\"yoast-schema-graph\">{\"@context\":\"https:\/\/schema.org\",\"@graph\":[{\"@type\":\"WebPage\",\"@id\":\"https:\/\/www.makrishotel.gr\/fr\/ile-de-santorin\/lile-volcanique\/\",\"url\":\"https:\/\/www.makrishotel.gr\/fr\/ile-de-santorin\/lile-volcanique\/\",\"name\":\"L\u2019\u00eele volcanique - Makris Santorin Hotel Kamari\",\"isPartOf\":{\"@id\":\"https:\/\/www.makrishotel.gr\/#website\"},\"datePublished\":\"2016-07-02T17:59:45+00:00\",\"dateModified\":\"2021-10-28T08:19:27+00:00\",\"description\":\"L\u2019\u00eele volcanique est un p\u00f4le d\u2019attraction pour les touristes en raison de ses sources thermales aux vertus th\u00e9rapeutiques.\",\"breadcrumb\":{\"@id\":\"https:\/\/www.makrishotel.gr\/fr\/ile-de-santorin\/lile-volcanique\/#breadcrumb\"},\"inLanguage\":\"fr-FR\",\"potentialAction\":[{\"@type\":\"ReadAction\",\"target\":[\"https:\/\/www.makrishotel.gr\/fr\/ile-de-santorin\/lile-volcanique\/\"]}]},{\"@type\":\"BreadcrumbList\",\"@id\":\"https:\/\/www.makrishotel.gr\/fr\/ile-de-santorin\/lile-volcanique\/#breadcrumb\",\"itemListElement\":[{\"@type\":\"ListItem\",\"position\":1,\"name\":\"\u00cele de Santorin\",\"item\":\"https:\/\/www.makrishotel.gr\/fr\/ile-de-santorin\/\"},{\"@type\":\"ListItem\",\"position\":2,\"name\":\"L\u2019\u00eele volcanique\"}]},{\"@type\":\"WebSite\",\"@id\":\"https:\/\/www.makrishotel.gr\/#website\",\"url\":\"https:\/\/www.makrishotel.gr\/\",\"name\":\"Makris Santorini Hotel Kamari Beach\",\"description\":\"\",\"publisher\":{\"@id\":\"https:\/\/www.makrishotel.gr\/#organization\"},\"potentialAction\":[{\"@type\":\"SearchAction\",\"target\":{\"@type\":\"EntryPoint\",\"urlTemplate\":\"https:\/\/www.makrishotel.gr\/?s={search_term_string}\"},\"query-input\":\"required name=search_term_string\"}],\"inLanguage\":\"fr-FR\"},{\"@type\":\"Organization\",\"@id\":\"https:\/\/www.makrishotel.gr\/#organization\",\"name\":\"Makris Santorini Hotel Kamari Beach\",\"url\":\"https:\/\/www.makrishotel.gr\/\",\"logo\":{\"@type\":\"ImageObject\",\"inLanguage\":\"fr-FR\",\"@id\":\"https:\/\/www.makrishotel.gr\/#\/schema\/logo\/image\/\",\"url\":\"https:\/\/www.makrishotel.gr\/wp-content\/uploads\/2016\/07\/logo.png\",\"contentUrl\":\"https:\/\/www.makrishotel.gr\/wp-content\/uploads\/2016\/07\/logo.png\",\"width\":284,\"height\":62,\"caption\":\"Makris Santorini Hotel Kamari Beach\"},\"image\":{\"@id\":\"https:\/\/www.makrishotel.gr\/#\/schema\/logo\/image\/\"},\"sameAs\":[\"https:\/\/www.facebook.com\/MakrisHotelSantorini\"]}]}<\/script>\n<!-- \/ Yoast SEO plugin. -->","yoast_head_json":{"title":"L\u2019\u00eele volcanique - Makris Santorin Hotel Kamari","description":"L\u2019\u00eele volcanique est un p\u00f4le d\u2019attraction pour les touristes en raison de ses sources thermales aux vertus th\u00e9rapeutiques.","robots":{"index":"index","follow":"follow","max-snippet":"max-snippet:-1","max-image-preview":"max-image-preview:large","max-video-preview":"max-video-preview:-1"},"canonical":"https:\/\/www.makrishotel.gr\/fr\/ile-de-santorin\/lile-volcanique\/","og_locale":"fr_FR","og_type":"article","og_title":"L\u2019\u00eele volcanique - Makris Santorin Hotel Kamari","og_description":"L\u2019\u00eele volcanique est un p\u00f4le d\u2019attraction pour les touristes en raison de ses sources thermales aux vertus th\u00e9rapeutiques.","og_url":"https:\/\/www.makrishotel.gr\/fr\/ile-de-santorin\/lile-volcanique\/","og_site_name":"Makris Santorini Hotel Kamari Beach","article_publisher":"https:\/\/www.facebook.com\/MakrisHotelSantorini","article_modified_time":"2021-10-28T08:19:27+00:00","og_image":[{"width":2560,"height":613,"url":"https:\/\/www.makrishotel.gr\/wp-content\/uploads\/2016\/07\/volcano-island-Makris-Hotel-Kamari-Santorini.jpg","type":"image\/jpeg"}],"twitter_card":"summary_large_image","twitter_misc":{"Dur\u00e9e de lecture estim\u00e9e":"2 minutes"},"schema":{"@context":"https:\/\/schema.org","@graph":[{"@type":"WebPage","@id":"https:\/\/www.makrishotel.gr\/fr\/ile-de-santorin\/lile-volcanique\/","url":"https:\/\/www.makrishotel.gr\/fr\/ile-de-santorin\/lile-volcanique\/","name":"L\u2019\u00eele volcanique - Makris Santorin Hotel Kamari","isPartOf":{"@id":"https:\/\/www.makrishotel.gr\/#website"},"datePublished":"2016-07-02T17:59:45+00:00","dateModified":"2021-10-28T08:19:27+00:00","description":"L\u2019\u00eele volcanique est un p\u00f4le d\u2019attraction pour les touristes en raison de ses sources thermales aux vertus th\u00e9rapeutiques.","breadcrumb":{"@id":"https:\/\/www.makrishotel.gr\/fr\/ile-de-santorin\/lile-volcanique\/#breadcrumb"},"inLanguage":"fr-FR","potentialAction":[{"@type":"ReadAction","target":["https:\/\/www.makrishotel.gr\/fr\/ile-de-santorin\/lile-volcanique\/"]}]},{"@type":"BreadcrumbList","@id":"https:\/\/www.makrishotel.gr\/fr\/ile-de-santorin\/lile-volcanique\/#breadcrumb","itemListElement":[{"@type":"ListItem","position":1,"name":"\u00cele de Santorin","item":"https:\/\/www.makrishotel.gr\/fr\/ile-de-santorin\/"},{"@type":"ListItem","position":2,"name":"L\u2019\u00eele volcanique"}]},{"@type":"WebSite","@id":"https:\/\/www.makrishotel.gr\/#website","url":"https:\/\/www.makrishotel.gr\/","name":"Makris Santorini Hotel Kamari Beach","description":"","publisher":{"@id":"https:\/\/www.makrishotel.gr\/#organization"},"potentialAction":[{"@type":"SearchAction","target":{"@type":"EntryPoint","urlTemplate":"https:\/\/www.makrishotel.gr\/?s={search_term_string}"},"query-input":"required name=search_term_string"}],"inLanguage":"fr-FR"},{"@type":"Organization","@id":"https:\/\/www.makrishotel.gr\/#organization","name":"Makris Santorini Hotel Kamari Beach","url":"https:\/\/www.makrishotel.gr\/","logo":{"@type":"ImageObject","inLanguage":"fr-FR","@id":"https:\/\/www.makrishotel.gr\/#\/schema\/logo\/image\/","url":"https:\/\/www.makrishotel.gr\/wp-content\/uploads\/2016\/07\/logo.png","contentUrl":"https:\/\/www.makrishotel.gr\/wp-content\/uploads\/2016\/07\/logo.png","width":284,"height":62,"caption":"Makris Santorini Hotel Kamari Beach"},"image":{"@id":"https:\/\/www.makrishotel.gr\/#\/schema\/logo\/image\/"},"sameAs":["https:\/\/www.facebook.com\/MakrisHotelSantorini"]}]}},"_links":{"self":[{"href":"https:\/\/www.makrishotel.gr\/fr\/wp-json\/wp\/v2\/pages\/4506"}],"collection":[{"href":"https:\/\/www.makrishotel.gr\/fr\/wp-json\/wp\/v2\/pages"}],"about":[{"href":"https:\/\/www.makrishotel.gr\/fr\/wp-json\/wp\/v2\/types\/page"}],"author":[{"embeddable":true,"href":"https:\/\/www.makrishotel.gr\/fr\/wp-json\/wp\/v2\/users\/3"}],"replies":[{"embeddable":true,"href":"https:\/\/www.makrishotel.gr\/fr\/wp-json\/wp\/v2\/comments?post=4506"}],"version-history":[{"count":0,"href":"https:\/\/www.makrishotel.gr\/fr\/wp-json\/wp\/v2\/pages\/4506\/revisions"}],"up":[{"embeddable":true,"href":"https:\/\/www.makrishotel.gr\/fr\/wp-json\/wp\/v2\/pages\/4491"}],"wp:featuredmedia":[{"embeddable":true,"href":"https:\/\/www.makrishotel.gr\/fr\/wp-json\/wp\/v2\/media\/4074"}],"wp:attachment":[{"href":"https:\/\/www.makrishotel.gr\/fr\/wp-json\/wp\/v2\/media?parent=4506"}],"curies":[{"name":"wp","href":"https:\/\/api.w.org\/{rel}","templated":true}]}}