{"id":4499,"date":"2016-07-10T15:48:53","date_gmt":"2016-07-10T15:48:53","guid":{"rendered":"https:\/\/www.makrishotel.gr\/ile-de-santorin\/santorini\/"},"modified":"2021-10-28T11:27:55","modified_gmt":"2021-10-28T08:27:55","slug":"santorin","status":"publish","type":"page","link":"https:\/\/www.makrishotel.gr\/fr\/ile-de-santorin\/santorin\/","title":{"rendered":"Santorin"},"content":{"rendered":"<p>Santorin est une \u00eele enchanteresse des Cyclades, entour\u00e9e par les eaux cristallines de la mer \u00c9g\u00e9e et c\u00e9l\u00e8bre pour ses plages en forme de lune, ses superbes paysages et sa caldera grandiose.<\/p>\n<h2>Vue \u00e9poustouflante et coucher de soleil romantique<\/h2>\n<p>Fa\u00e7onn\u00e9 par de nombreuses \u00e9ruptions volcaniques, Santorin pr\u00e9sente aujourd\u2019hui une forme unique, attirant les voyageurs du monde entier qui viennent admirer sa beaut\u00e9 sauvage et son \u00e9l\u00e9gance sans pareille. La vue \u00e9poustouflante, le coucher de soleil romantique, le riche fond marin, les formations rocheuses, l\u2019hospitalit\u00e9 grecque et les produits locaux typiques renforcent le caract\u00e8re singulier de Santorin.<\/p>\n<h4><strong>Des plages introuvables ailleurs dans le monde<\/strong><\/h4>\n<p>Une fois que vous aurez pos\u00e9 les yeux sur l\u2019\u00eele, vous tombez amoureux de sa beaut\u00e9 inconditionnelle et de son style incomparable. Avec des lieux de grande valeur historique tels qu\u2019Akrotiri, des plages introuvables ailleurs dans le monde, une touche d\u2019architecture et de tradition des Cyclades associ\u00e9e \u00e0 des touches de modernit\u00e9 et \u00e0 une vie nocturne anim\u00e9e, Santorin est la destination touristique par excellence. Que vous souhaitiez passer un moment de qualit\u00e9 en famille, planifier une escapade romantique en couple amoureux, organiser votre mariage ou faire une grande f\u00eate avec des amis, ne cherchez pas plus loin.<\/p>\n<p>Santorin ou Th\u00e9ra vous captivera d\u00e8s que vous regarderez des cartes postales ou des albums photos d\u2019amis vous invitant \u00e0 les rejoindre\u2026 Il s\u2019agira certainement de vacances que vous n\u2019oublierez jamais!<\/p>\n","protected":false},"excerpt":{"rendered":"<p>Santorini is an enchanting island of Cyclades, surrounded by the crystal clear waters&#8230;<\/p>\n","protected":false},"author":3,"featured_media":4072,"parent":4491,"menu_order":0,"comment_status":"closed","ping_status":"closed","template":"","meta":[],"acf":[],"yoast_head":"<!-- This site is optimized with the Yoast SEO plugin v20.0 - https:\/\/yoast.com\/wordpress\/plugins\/seo\/ -->\n<title>Santorin est une \u00eele enchanteresse des Cyclades - Makris Hotel<\/title>\n<meta name=\"description\" content=\"La vue \u00e9poustouflante, le coucher de soleil romantique, le riche fond marin, les formations rocheuses, l\u2019hospitalit\u00e9 grecque\" \/>\n<meta name=\"robots\" content=\"index, follow, max-snippet:-1, max-image-preview:large, max-video-preview:-1\" \/>\n<link rel=\"canonical\" href=\"https:\/\/www.makrishotel.gr\/fr\/ile-de-santorin\/santorin\/\" \/>\n<meta property=\"og:locale\" content=\"fr_FR\" \/>\n<meta property=\"og:type\" content=\"article\" \/>\n<meta property=\"og:title\" content=\"Santorin est une \u00eele enchanteresse des Cyclades - Makris Hotel\" \/>\n<meta property=\"og:description\" content=\"La vue \u00e9poustouflante, le coucher de soleil romantique, le riche fond marin, les formations rocheuses, l\u2019hospitalit\u00e9 grecque\" \/>\n<meta property=\"og:url\" content=\"https:\/\/www.makrishotel.gr\/fr\/ile-de-santorin\/santorin\/\" \/>\n<meta property=\"og:site_name\" content=\"Makris Santorini Hotel Kamari Beach\" \/>\n<meta property=\"article:publisher\" content=\"https:\/\/www.facebook.com\/MakrisHotelSantorini\" \/>\n<meta property=\"article:modified_time\" content=\"2021-10-28T08:27:55+00:00\" \/>\n<meta property=\"og:image\" content=\"https:\/\/www.makrishotel.gr\/wp-content\/uploads\/2016\/07\/Santorini-Makris-Hotel-Kamari-Santorini.jpg\" \/>\n\t<meta property=\"og:image:width\" content=\"2560\" \/>\n\t<meta property=\"og:image:height\" content=\"613\" \/>\n\t<meta property=\"og:image:type\" content=\"image\/jpeg\" \/>\n<meta name=\"twitter:card\" content=\"summary_large_image\" \/>\n<meta name=\"twitter:label1\" content=\"Dur\u00e9e de lecture estim\u00e9e\" \/>\n\t<meta name=\"twitter:data1\" content=\"1 minute\" \/>\n<script type=\"application\/ld+json\" class=\"yoast-schema-graph\">{\"@context\":\"https:\/\/schema.org\",\"@graph\":[{\"@type\":\"WebPage\",\"@id\":\"https:\/\/www.makrishotel.gr\/fr\/ile-de-santorin\/santorin\/\",\"url\":\"https:\/\/www.makrishotel.gr\/fr\/ile-de-santorin\/santorin\/\",\"name\":\"Santorin est une \u00eele enchanteresse des Cyclades - Makris Hotel\",\"isPartOf\":{\"@id\":\"https:\/\/www.makrishotel.gr\/#website\"},\"datePublished\":\"2016-07-10T15:48:53+00:00\",\"dateModified\":\"2021-10-28T08:27:55+00:00\",\"description\":\"La vue \u00e9poustouflante, le coucher de soleil romantique, le riche fond marin, les formations rocheuses, l\u2019hospitalit\u00e9 grecque\",\"breadcrumb\":{\"@id\":\"https:\/\/www.makrishotel.gr\/fr\/ile-de-santorin\/santorin\/#breadcrumb\"},\"inLanguage\":\"fr-FR\",\"potentialAction\":[{\"@type\":\"ReadAction\",\"target\":[\"https:\/\/www.makrishotel.gr\/fr\/ile-de-santorin\/santorin\/\"]}]},{\"@type\":\"BreadcrumbList\",\"@id\":\"https:\/\/www.makrishotel.gr\/fr\/ile-de-santorin\/santorin\/#breadcrumb\",\"itemListElement\":[{\"@type\":\"ListItem\",\"position\":1,\"name\":\"\u00cele de Santorin\",\"item\":\"https:\/\/www.makrishotel.gr\/fr\/ile-de-santorin\/\"},{\"@type\":\"ListItem\",\"position\":2,\"name\":\"Santorin\"}]},{\"@type\":\"WebSite\",\"@id\":\"https:\/\/www.makrishotel.gr\/#website\",\"url\":\"https:\/\/www.makrishotel.gr\/\",\"name\":\"Makris Santorini Hotel Kamari Beach\",\"description\":\"\",\"publisher\":{\"@id\":\"https:\/\/www.makrishotel.gr\/#organization\"},\"potentialAction\":[{\"@type\":\"SearchAction\",\"target\":{\"@type\":\"EntryPoint\",\"urlTemplate\":\"https:\/\/www.makrishotel.gr\/?s={search_term_string}\"},\"query-input\":\"required name=search_term_string\"}],\"inLanguage\":\"fr-FR\"},{\"@type\":\"Organization\",\"@id\":\"https:\/\/www.makrishotel.gr\/#organization\",\"name\":\"Makris Santorini Hotel Kamari Beach\",\"url\":\"https:\/\/www.makrishotel.gr\/\",\"logo\":{\"@type\":\"ImageObject\",\"inLanguage\":\"fr-FR\",\"@id\":\"https:\/\/www.makrishotel.gr\/#\/schema\/logo\/image\/\",\"url\":\"https:\/\/www.makrishotel.gr\/wp-content\/uploads\/2016\/07\/logo.png\",\"contentUrl\":\"https:\/\/www.makrishotel.gr\/wp-content\/uploads\/2016\/07\/logo.png\",\"width\":284,\"height\":62,\"caption\":\"Makris Santorini Hotel Kamari Beach\"},\"image\":{\"@id\":\"https:\/\/www.makrishotel.gr\/#\/schema\/logo\/image\/\"},\"sameAs\":[\"https:\/\/www.facebook.com\/MakrisHotelSantorini\"]}]}<\/script>\n<!-- \/ Yoast SEO plugin. -->","yoast_head_json":{"title":"Santorin est une \u00eele enchanteresse des Cyclades - Makris Hotel","description":"La vue \u00e9poustouflante, le coucher de soleil romantique, le riche fond marin, les formations rocheuses, l\u2019hospitalit\u00e9 grecque","robots":{"index":"index","follow":"follow","max-snippet":"max-snippet:-1","max-image-preview":"max-image-preview:large","max-video-preview":"max-video-preview:-1"},"canonical":"https:\/\/www.makrishotel.gr\/fr\/ile-de-santorin\/santorin\/","og_locale":"fr_FR","og_type":"article","og_title":"Santorin est une \u00eele enchanteresse des Cyclades - Makris Hotel","og_description":"La vue \u00e9poustouflante, le coucher de soleil romantique, le riche fond marin, les formations rocheuses, l\u2019hospitalit\u00e9 grecque","og_url":"https:\/\/www.makrishotel.gr\/fr\/ile-de-santorin\/santorin\/","og_site_name":"Makris Santorini Hotel Kamari Beach","article_publisher":"https:\/\/www.facebook.com\/MakrisHotelSantorini","article_modified_time":"2021-10-28T08:27:55+00:00","og_image":[{"width":2560,"height":613,"url":"https:\/\/www.makrishotel.gr\/wp-content\/uploads\/2016\/07\/Santorini-Makris-Hotel-Kamari-Santorini.jpg","type":"image\/jpeg"}],"twitter_card":"summary_large_image","twitter_misc":{"Dur\u00e9e de lecture estim\u00e9e":"1 minute"},"schema":{"@context":"https:\/\/schema.org","@graph":[{"@type":"WebPage","@id":"https:\/\/www.makrishotel.gr\/fr\/ile-de-santorin\/santorin\/","url":"https:\/\/www.makrishotel.gr\/fr\/ile-de-santorin\/santorin\/","name":"Santorin est une \u00eele enchanteresse des Cyclades - Makris Hotel","isPartOf":{"@id":"https:\/\/www.makrishotel.gr\/#website"},"datePublished":"2016-07-10T15:48:53+00:00","dateModified":"2021-10-28T08:27:55+00:00","description":"La vue \u00e9poustouflante, le coucher de soleil romantique, le riche fond marin, les formations rocheuses, l\u2019hospitalit\u00e9 grecque","breadcrumb":{"@id":"https:\/\/www.makrishotel.gr\/fr\/ile-de-santorin\/santorin\/#breadcrumb"},"inLanguage":"fr-FR","potentialAction":[{"@type":"ReadAction","target":["https:\/\/www.makrishotel.gr\/fr\/ile-de-santorin\/santorin\/"]}]},{"@type":"BreadcrumbList","@id":"https:\/\/www.makrishotel.gr\/fr\/ile-de-santorin\/santorin\/#breadcrumb","itemListElement":[{"@type":"ListItem","position":1,"name":"\u00cele de Santorin","item":"https:\/\/www.makrishotel.gr\/fr\/ile-de-santorin\/"},{"@type":"ListItem","position":2,"name":"Santorin"}]},{"@type":"WebSite","@id":"https:\/\/www.makrishotel.gr\/#website","url":"https:\/\/www.makrishotel.gr\/","name":"Makris Santorini Hotel Kamari Beach","description":"","publisher":{"@id":"https:\/\/www.makrishotel.gr\/#organization"},"potentialAction":[{"@type":"SearchAction","target":{"@type":"EntryPoint","urlTemplate":"https:\/\/www.makrishotel.gr\/?s={search_term_string}"},"query-input":"required name=search_term_string"}],"inLanguage":"fr-FR"},{"@type":"Organization","@id":"https:\/\/www.makrishotel.gr\/#organization","name":"Makris Santorini Hotel Kamari Beach","url":"https:\/\/www.makrishotel.gr\/","logo":{"@type":"ImageObject","inLanguage":"fr-FR","@id":"https:\/\/www.makrishotel.gr\/#\/schema\/logo\/image\/","url":"https:\/\/www.makrishotel.gr\/wp-content\/uploads\/2016\/07\/logo.png","contentUrl":"https:\/\/www.makrishotel.gr\/wp-content\/uploads\/2016\/07\/logo.png","width":284,"height":62,"caption":"Makris Santorini Hotel Kamari Beach"},"image":{"@id":"https:\/\/www.makrishotel.gr\/#\/schema\/logo\/image\/"},"sameAs":["https:\/\/www.facebook.com\/MakrisHotelSantorini"]}]}},"_links":{"self":[{"href":"https:\/\/www.makrishotel.gr\/fr\/wp-json\/wp\/v2\/pages\/4499"}],"collection":[{"href":"https:\/\/www.makrishotel.gr\/fr\/wp-json\/wp\/v2\/pages"}],"about":[{"href":"https:\/\/www.makrishotel.gr\/fr\/wp-json\/wp\/v2\/types\/page"}],"author":[{"embeddable":true,"href":"https:\/\/www.makrishotel.gr\/fr\/wp-json\/wp\/v2\/users\/3"}],"replies":[{"embeddable":true,"href":"https:\/\/www.makrishotel.gr\/fr\/wp-json\/wp\/v2\/comments?post=4499"}],"version-history":[{"count":0,"href":"https:\/\/www.makrishotel.gr\/fr\/wp-json\/wp\/v2\/pages\/4499\/revisions"}],"up":[{"embeddable":true,"href":"https:\/\/www.makrishotel.gr\/fr\/wp-json\/wp\/v2\/pages\/4491"}],"wp:featuredmedia":[{"embeddable":true,"href":"https:\/\/www.makrishotel.gr\/fr\/wp-json\/wp\/v2\/media\/4072"}],"wp:attachment":[{"href":"https:\/\/www.makrishotel.gr\/fr\/wp-json\/wp\/v2\/media?parent=4499"}],"curies":[{"name":"wp","href":"https:\/\/api.w.org\/{rel}","templated":true}]}}