{"id":4482,"date":"2016-07-06T11:54:21","date_gmt":"2016-07-06T11:54:21","guid":{"rendered":"https:\/\/www.makrishotel.gr\/kamari-hotel-hebergement\/superior-one-bedroom-apartments\/"},"modified":"2021-12-06T14:19:46","modified_gmt":"2021-12-06T12:19:46","slug":"deluxe-one-bedroom-suite","status":"publish","type":"page","link":"https:\/\/www.makrishotel.gr\/fr\/kamari-hotel-hebergement\/deluxe-one-bedroom-suite\/","title":{"rendered":"Deluxe One Bedroom Suite"},"content":{"rendered":"<p style=\"text-align: center;\">Id\u00e9alement adapt\u00e9s pour h\u00e9berger des familles jusqu\u2019\u00e0 5 personnes, les appartements sup\u00e9rieurs sont spacieux et proposent un h\u00e9bergement parfait pour un s\u00e9jour \u00e0 Santorin. Les appartements ont \u00e9t\u00e9 enti\u00e8rement r\u00e9nov\u00e9s dans l\u2019esprit de l\u2019architecture et de l\u2019\u00e9l\u00e9gance moderne typiques des Cyclades. \u00c0 l\u2019int\u00e9rieur, ils disposent d\u2019une chambre s\u00e9par\u00e9e avec un lit double, d\u2019un salon avec des canap\u00e9s-lits suppl\u00e9mentaires, d\u2019un r\u00e9frig\u00e9rateur, d\u2019une machine \u00e0 caf\u00e9 ou d\u2019une bouilloire, de vaisselle et de couverts pour plus de commodit\u00e9, d\u2019une t\u00e9l\u00e9vision, de la climatisation (A\/C) ainsi que d\u2019une salle de bains privative avec une douche, un s\u00e8che-cheveux et des articles de toilette individuels. Quant aux espaces ext\u00e9rieurs, ils vous permettent de vous d\u00e9tendre, de profiter du soleil et de b\u00e9n\u00e9ficier de la tranquillit\u00e9 en toute intimit\u00e9!<\/p>\n","protected":false},"excerpt":{"rendered":"<p>Id\u00e9alement adapt\u00e9s pour h\u00e9berger des familles jusqu\u2019\u00e0 5 personnes, les appartements sup\u00e9rieurs sont spacieux&#8230;<\/p>\n","protected":false},"author":3,"featured_media":25807,"parent":3710,"menu_order":1,"comment_status":"closed","ping_status":"closed","template":"page-rooms.php","meta":[],"acf":[],"yoast_head":"<!-- This site is optimized with the Yoast SEO plugin v20.0 - https:\/\/yoast.com\/wordpress\/plugins\/seo\/ -->\n<title>Deluxe One Bedroom Suite - H\u00e9bergement Makris Hotel Kamari Santorin<\/title>\n<meta name=\"description\" content=\"Les appartements ont \u00e9t\u00e9 enti\u00e8rement r\u00e9nov\u00e9s dans l\u2019esprit de l\u2019architecture et de l\u2019\u00e9l\u00e9gance moderne typiques des Cyclades.\" \/>\n<meta name=\"robots\" content=\"index, follow, max-snippet:-1, max-image-preview:large, max-video-preview:-1\" \/>\n<link rel=\"canonical\" href=\"https:\/\/www.makrishotel.gr\/fr\/kamari-hotel-hebergement\/deluxe-one-bedroom-suite\/\" \/>\n<meta property=\"og:locale\" content=\"fr_FR\" \/>\n<meta property=\"og:type\" content=\"article\" \/>\n<meta property=\"og:title\" content=\"Deluxe One Bedroom Suite - H\u00e9bergement Makris Hotel Kamari Santorin\" \/>\n<meta property=\"og:description\" content=\"Les appartements ont \u00e9t\u00e9 enti\u00e8rement r\u00e9nov\u00e9s dans l\u2019esprit de l\u2019architecture et de l\u2019\u00e9l\u00e9gance moderne typiques des Cyclades.\" \/>\n<meta property=\"og:url\" content=\"https:\/\/www.makrishotel.gr\/fr\/kamari-hotel-hebergement\/deluxe-one-bedroom-suite\/\" \/>\n<meta property=\"og:site_name\" content=\"Makris Santorini Hotel Kamari Beach\" \/>\n<meta property=\"article:publisher\" content=\"https:\/\/www.facebook.com\/MakrisHotelSantorini\" \/>\n<meta property=\"article:modified_time\" content=\"2021-12-06T12:19:46+00:00\" \/>\n<meta property=\"og:image\" content=\"https:\/\/www.makrishotel.gr\/wp-content\/uploads\/2021\/12\/Deluxe-One-Bedroom-Suite.jpg\" \/>\n\t<meta property=\"og:image:width\" content=\"2560\" \/>\n\t<meta property=\"og:image:height\" content=\"613\" \/>\n\t<meta property=\"og:image:type\" content=\"image\/jpeg\" \/>\n<meta name=\"twitter:card\" content=\"summary_large_image\" \/>\n<meta name=\"twitter:label1\" content=\"Dur\u00e9e de lecture estim\u00e9e\" \/>\n\t<meta name=\"twitter:data1\" content=\"1 minute\" \/>\n<script type=\"application\/ld+json\" class=\"yoast-schema-graph\">{\"@context\":\"https:\/\/schema.org\",\"@graph\":[{\"@type\":\"WebPage\",\"@id\":\"https:\/\/www.makrishotel.gr\/fr\/kamari-hotel-hebergement\/deluxe-one-bedroom-suite\/\",\"url\":\"https:\/\/www.makrishotel.gr\/fr\/kamari-hotel-hebergement\/deluxe-one-bedroom-suite\/\",\"name\":\"Deluxe One Bedroom Suite - H\u00e9bergement Makris Hotel Kamari Santorin\",\"isPartOf\":{\"@id\":\"https:\/\/www.makrishotel.gr\/#website\"},\"datePublished\":\"2016-07-06T11:54:21+00:00\",\"dateModified\":\"2021-12-06T12:19:46+00:00\",\"description\":\"Les appartements ont \u00e9t\u00e9 enti\u00e8rement r\u00e9nov\u00e9s dans l\u2019esprit de l\u2019architecture et de l\u2019\u00e9l\u00e9gance moderne typiques des Cyclades.\",\"breadcrumb\":{\"@id\":\"https:\/\/www.makrishotel.gr\/fr\/kamari-hotel-hebergement\/deluxe-one-bedroom-suite\/#breadcrumb\"},\"inLanguage\":\"fr-FR\",\"potentialAction\":[{\"@type\":\"ReadAction\",\"target\":[\"https:\/\/www.makrishotel.gr\/fr\/kamari-hotel-hebergement\/deluxe-one-bedroom-suite\/\"]}]},{\"@type\":\"BreadcrumbList\",\"@id\":\"https:\/\/www.makrishotel.gr\/fr\/kamari-hotel-hebergement\/deluxe-one-bedroom-suite\/#breadcrumb\",\"itemListElement\":[{\"@type\":\"ListItem\",\"position\":1,\"name\":\"Kamari Hotel H\u00e9bergement\",\"item\":\"https:\/\/www.makrishotel.gr\/fr\/kamari-hotel-hebergement\/\"},{\"@type\":\"ListItem\",\"position\":2,\"name\":\"Deluxe One Bedroom Suite\"}]},{\"@type\":\"WebSite\",\"@id\":\"https:\/\/www.makrishotel.gr\/#website\",\"url\":\"https:\/\/www.makrishotel.gr\/\",\"name\":\"Makris Santorini Hotel Kamari Beach\",\"description\":\"\",\"publisher\":{\"@id\":\"https:\/\/www.makrishotel.gr\/#organization\"},\"potentialAction\":[{\"@type\":\"SearchAction\",\"target\":{\"@type\":\"EntryPoint\",\"urlTemplate\":\"https:\/\/www.makrishotel.gr\/?s={search_term_string}\"},\"query-input\":\"required name=search_term_string\"}],\"inLanguage\":\"fr-FR\"},{\"@type\":\"Organization\",\"@id\":\"https:\/\/www.makrishotel.gr\/#organization\",\"name\":\"Makris Santorini Hotel Kamari Beach\",\"url\":\"https:\/\/www.makrishotel.gr\/\",\"logo\":{\"@type\":\"ImageObject\",\"inLanguage\":\"fr-FR\",\"@id\":\"https:\/\/www.makrishotel.gr\/#\/schema\/logo\/image\/\",\"url\":\"https:\/\/www.makrishotel.gr\/wp-content\/uploads\/2016\/07\/logo.png\",\"contentUrl\":\"https:\/\/www.makrishotel.gr\/wp-content\/uploads\/2016\/07\/logo.png\",\"width\":284,\"height\":62,\"caption\":\"Makris Santorini Hotel Kamari Beach\"},\"image\":{\"@id\":\"https:\/\/www.makrishotel.gr\/#\/schema\/logo\/image\/\"},\"sameAs\":[\"https:\/\/www.facebook.com\/MakrisHotelSantorini\"]}]}<\/script>\n<!-- \/ Yoast SEO plugin. -->","yoast_head_json":{"title":"Deluxe One Bedroom Suite - H\u00e9bergement Makris Hotel Kamari Santorin","description":"Les appartements ont \u00e9t\u00e9 enti\u00e8rement r\u00e9nov\u00e9s dans l\u2019esprit de l\u2019architecture et de l\u2019\u00e9l\u00e9gance moderne typiques des Cyclades.","robots":{"index":"index","follow":"follow","max-snippet":"max-snippet:-1","max-image-preview":"max-image-preview:large","max-video-preview":"max-video-preview:-1"},"canonical":"https:\/\/www.makrishotel.gr\/fr\/kamari-hotel-hebergement\/deluxe-one-bedroom-suite\/","og_locale":"fr_FR","og_type":"article","og_title":"Deluxe One Bedroom Suite - H\u00e9bergement Makris Hotel Kamari Santorin","og_description":"Les appartements ont \u00e9t\u00e9 enti\u00e8rement r\u00e9nov\u00e9s dans l\u2019esprit de l\u2019architecture et de l\u2019\u00e9l\u00e9gance moderne typiques des Cyclades.","og_url":"https:\/\/www.makrishotel.gr\/fr\/kamari-hotel-hebergement\/deluxe-one-bedroom-suite\/","og_site_name":"Makris Santorini Hotel Kamari Beach","article_publisher":"https:\/\/www.facebook.com\/MakrisHotelSantorini","article_modified_time":"2021-12-06T12:19:46+00:00","og_image":[{"width":2560,"height":613,"url":"https:\/\/www.makrishotel.gr\/wp-content\/uploads\/2021\/12\/Deluxe-One-Bedroom-Suite.jpg","type":"image\/jpeg"}],"twitter_card":"summary_large_image","twitter_misc":{"Dur\u00e9e de lecture estim\u00e9e":"1 minute"},"schema":{"@context":"https:\/\/schema.org","@graph":[{"@type":"WebPage","@id":"https:\/\/www.makrishotel.gr\/fr\/kamari-hotel-hebergement\/deluxe-one-bedroom-suite\/","url":"https:\/\/www.makrishotel.gr\/fr\/kamari-hotel-hebergement\/deluxe-one-bedroom-suite\/","name":"Deluxe One Bedroom Suite - H\u00e9bergement Makris Hotel Kamari Santorin","isPartOf":{"@id":"https:\/\/www.makrishotel.gr\/#website"},"datePublished":"2016-07-06T11:54:21+00:00","dateModified":"2021-12-06T12:19:46+00:00","description":"Les appartements ont \u00e9t\u00e9 enti\u00e8rement r\u00e9nov\u00e9s dans l\u2019esprit de l\u2019architecture et de l\u2019\u00e9l\u00e9gance moderne typiques des Cyclades.","breadcrumb":{"@id":"https:\/\/www.makrishotel.gr\/fr\/kamari-hotel-hebergement\/deluxe-one-bedroom-suite\/#breadcrumb"},"inLanguage":"fr-FR","potentialAction":[{"@type":"ReadAction","target":["https:\/\/www.makrishotel.gr\/fr\/kamari-hotel-hebergement\/deluxe-one-bedroom-suite\/"]}]},{"@type":"BreadcrumbList","@id":"https:\/\/www.makrishotel.gr\/fr\/kamari-hotel-hebergement\/deluxe-one-bedroom-suite\/#breadcrumb","itemListElement":[{"@type":"ListItem","position":1,"name":"Kamari Hotel H\u00e9bergement","item":"https:\/\/www.makrishotel.gr\/fr\/kamari-hotel-hebergement\/"},{"@type":"ListItem","position":2,"name":"Deluxe One Bedroom Suite"}]},{"@type":"WebSite","@id":"https:\/\/www.makrishotel.gr\/#website","url":"https:\/\/www.makrishotel.gr\/","name":"Makris Santorini Hotel Kamari Beach","description":"","publisher":{"@id":"https:\/\/www.makrishotel.gr\/#organization"},"potentialAction":[{"@type":"SearchAction","target":{"@type":"EntryPoint","urlTemplate":"https:\/\/www.makrishotel.gr\/?s={search_term_string}"},"query-input":"required name=search_term_string"}],"inLanguage":"fr-FR"},{"@type":"Organization","@id":"https:\/\/www.makrishotel.gr\/#organization","name":"Makris Santorini Hotel Kamari Beach","url":"https:\/\/www.makrishotel.gr\/","logo":{"@type":"ImageObject","inLanguage":"fr-FR","@id":"https:\/\/www.makrishotel.gr\/#\/schema\/logo\/image\/","url":"https:\/\/www.makrishotel.gr\/wp-content\/uploads\/2016\/07\/logo.png","contentUrl":"https:\/\/www.makrishotel.gr\/wp-content\/uploads\/2016\/07\/logo.png","width":284,"height":62,"caption":"Makris Santorini Hotel Kamari Beach"},"image":{"@id":"https:\/\/www.makrishotel.gr\/#\/schema\/logo\/image\/"},"sameAs":["https:\/\/www.facebook.com\/MakrisHotelSantorini"]}]}},"_links":{"self":[{"href":"https:\/\/www.makrishotel.gr\/fr\/wp-json\/wp\/v2\/pages\/4482"}],"collection":[{"href":"https:\/\/www.makrishotel.gr\/fr\/wp-json\/wp\/v2\/pages"}],"about":[{"href":"https:\/\/www.makrishotel.gr\/fr\/wp-json\/wp\/v2\/types\/page"}],"author":[{"embeddable":true,"href":"https:\/\/www.makrishotel.gr\/fr\/wp-json\/wp\/v2\/users\/3"}],"replies":[{"embeddable":true,"href":"https:\/\/www.makrishotel.gr\/fr\/wp-json\/wp\/v2\/comments?post=4482"}],"version-history":[{"count":0,"href":"https:\/\/www.makrishotel.gr\/fr\/wp-json\/wp\/v2\/pages\/4482\/revisions"}],"up":[{"embeddable":true,"href":"https:\/\/www.makrishotel.gr\/fr\/wp-json\/wp\/v2\/pages\/3710"}],"wp:featuredmedia":[{"embeddable":true,"href":"https:\/\/www.makrishotel.gr\/fr\/wp-json\/wp\/v2\/media\/25807"}],"wp:attachment":[{"href":"https:\/\/www.makrishotel.gr\/fr\/wp-json\/wp\/v2\/media?parent=4482"}],"curies":[{"name":"wp","href":"https:\/\/api.w.org\/{rel}","templated":true}]}}