{"id":4478,"date":"2016-07-06T11:42:28","date_gmt":"2016-07-06T08:42:28","guid":{"rendered":"https:\/\/www.makrishotel.gr\/kamari-hotel-hebergement\/superior-studios\/"},"modified":"2021-12-05T12:41:39","modified_gmt":"2021-12-05T10:41:39","slug":"deluxe-double-room","status":"publish","type":"page","link":"https:\/\/www.makrishotel.gr\/fr\/kamari-hotel-hebergement\/deluxe-double-room\/","title":{"rendered":"Deluxe Double Room"},"content":{"rendered":"<p style=\"text-align: center;\">Enti\u00e8rement r\u00e9nov\u00e9es, les chambres sup\u00e9rieures de notre h\u00f4tel associent luxe et confort dans un cadre fabuleux. Adapt\u00e9es aux besoins de 2 personnes, elles disposent d\u2019un lit double ou des lits jumeaux, ainsi que d\u2019\u00e9quipements modernes tels qu\u2019une machine \u00e0 caf\u00e9 ou une bouilloire, un r\u00e9frig\u00e9rateur, la climatisation (A\/C), une t\u00e9l\u00e9vision et plus encore. Les chambres pr\u00e9sentent l\u2019atmosph\u00e8re traditionnelle des Cyclades avec une touche moderne!<\/p>\n","protected":false},"excerpt":{"rendered":"<p>Enti\u00e8rement r\u00e9nov\u00e9es, les chambres sup\u00e9rieures de notre h\u00f4tel associent luxe et confort dans un cadre fabuleux.<\/p>\n","protected":false},"author":3,"featured_media":4132,"parent":3710,"menu_order":2,"comment_status":"closed","ping_status":"closed","template":"page-rooms.php","meta":[],"acf":[],"yoast_head":"<!-- This site is optimized with the Yoast SEO plugin v20.0 - https:\/\/yoast.com\/wordpress\/plugins\/seo\/ -->\n<title>Deluxe Double Room - H\u00e9bergement Makris Hotel Kamari Santorini<\/title>\n<meta name=\"description\" content=\"Enti\u00e8rement r\u00e9nov\u00e9es, les chambres sup\u00e9rieures de notre h\u00f4tel associent luxe et confort dans un cadre fabuleux.\" \/>\n<meta name=\"robots\" content=\"index, follow, max-snippet:-1, max-image-preview:large, max-video-preview:-1\" \/>\n<link rel=\"canonical\" href=\"https:\/\/www.makrishotel.gr\/fr\/kamari-hotel-hebergement\/deluxe-double-room\/\" \/>\n<meta property=\"og:locale\" content=\"fr_FR\" \/>\n<meta property=\"og:type\" content=\"article\" \/>\n<meta property=\"og:title\" content=\"Deluxe Double Room - H\u00e9bergement Makris Hotel Kamari Santorini\" \/>\n<meta property=\"og:description\" content=\"Enti\u00e8rement r\u00e9nov\u00e9es, les chambres sup\u00e9rieures de notre h\u00f4tel associent luxe et confort dans un cadre fabuleux.\" \/>\n<meta property=\"og:url\" content=\"https:\/\/www.makrishotel.gr\/fr\/kamari-hotel-hebergement\/deluxe-double-room\/\" \/>\n<meta property=\"og:site_name\" content=\"Makris Santorini Hotel Kamari Beach\" \/>\n<meta property=\"article:publisher\" content=\"https:\/\/www.facebook.com\/MakrisHotelSantorini\" \/>\n<meta property=\"article:modified_time\" content=\"2021-12-05T10:41:39+00:00\" \/>\n<meta property=\"og:image\" content=\"https:\/\/www.makrishotel.gr\/wp-content\/uploads\/2016\/07\/superior-rooms.jpg\" \/>\n\t<meta property=\"og:image:width\" content=\"2560\" \/>\n\t<meta property=\"og:image:height\" content=\"613\" \/>\n\t<meta property=\"og:image:type\" content=\"image\/jpeg\" \/>\n<meta name=\"twitter:card\" content=\"summary_large_image\" \/>\n<script type=\"application\/ld+json\" class=\"yoast-schema-graph\">{\"@context\":\"https:\/\/schema.org\",\"@graph\":[{\"@type\":\"WebPage\",\"@id\":\"https:\/\/www.makrishotel.gr\/fr\/kamari-hotel-hebergement\/deluxe-double-room\/\",\"url\":\"https:\/\/www.makrishotel.gr\/fr\/kamari-hotel-hebergement\/deluxe-double-room\/\",\"name\":\"Deluxe Double Room - H\u00e9bergement Makris Hotel Kamari Santorini\",\"isPartOf\":{\"@id\":\"https:\/\/www.makrishotel.gr\/#website\"},\"datePublished\":\"2016-07-06T08:42:28+00:00\",\"dateModified\":\"2021-12-05T10:41:39+00:00\",\"description\":\"Enti\u00e8rement r\u00e9nov\u00e9es, les chambres sup\u00e9rieures de notre h\u00f4tel associent luxe et confort dans un cadre fabuleux.\",\"breadcrumb\":{\"@id\":\"https:\/\/www.makrishotel.gr\/fr\/kamari-hotel-hebergement\/deluxe-double-room\/#breadcrumb\"},\"inLanguage\":\"fr-FR\",\"potentialAction\":[{\"@type\":\"ReadAction\",\"target\":[\"https:\/\/www.makrishotel.gr\/fr\/kamari-hotel-hebergement\/deluxe-double-room\/\"]}]},{\"@type\":\"BreadcrumbList\",\"@id\":\"https:\/\/www.makrishotel.gr\/fr\/kamari-hotel-hebergement\/deluxe-double-room\/#breadcrumb\",\"itemListElement\":[{\"@type\":\"ListItem\",\"position\":1,\"name\":\"Kamari Hotel H\u00e9bergement\",\"item\":\"https:\/\/www.makrishotel.gr\/fr\/kamari-hotel-hebergement\/\"},{\"@type\":\"ListItem\",\"position\":2,\"name\":\"Deluxe Double Room\"}]},{\"@type\":\"WebSite\",\"@id\":\"https:\/\/www.makrishotel.gr\/#website\",\"url\":\"https:\/\/www.makrishotel.gr\/\",\"name\":\"Makris Santorini Hotel Kamari Beach\",\"description\":\"\",\"publisher\":{\"@id\":\"https:\/\/www.makrishotel.gr\/#organization\"},\"potentialAction\":[{\"@type\":\"SearchAction\",\"target\":{\"@type\":\"EntryPoint\",\"urlTemplate\":\"https:\/\/www.makrishotel.gr\/?s={search_term_string}\"},\"query-input\":\"required name=search_term_string\"}],\"inLanguage\":\"fr-FR\"},{\"@type\":\"Organization\",\"@id\":\"https:\/\/www.makrishotel.gr\/#organization\",\"name\":\"Makris Santorini Hotel Kamari Beach\",\"url\":\"https:\/\/www.makrishotel.gr\/\",\"logo\":{\"@type\":\"ImageObject\",\"inLanguage\":\"fr-FR\",\"@id\":\"https:\/\/www.makrishotel.gr\/#\/schema\/logo\/image\/\",\"url\":\"https:\/\/www.makrishotel.gr\/wp-content\/uploads\/2016\/07\/logo.png\",\"contentUrl\":\"https:\/\/www.makrishotel.gr\/wp-content\/uploads\/2016\/07\/logo.png\",\"width\":284,\"height\":62,\"caption\":\"Makris Santorini Hotel Kamari Beach\"},\"image\":{\"@id\":\"https:\/\/www.makrishotel.gr\/#\/schema\/logo\/image\/\"},\"sameAs\":[\"https:\/\/www.facebook.com\/MakrisHotelSantorini\"]}]}<\/script>\n<!-- \/ Yoast SEO plugin. -->","yoast_head_json":{"title":"Deluxe Double Room - H\u00e9bergement Makris Hotel Kamari Santorini","description":"Enti\u00e8rement r\u00e9nov\u00e9es, les chambres sup\u00e9rieures de notre h\u00f4tel associent luxe et confort dans un cadre fabuleux.","robots":{"index":"index","follow":"follow","max-snippet":"max-snippet:-1","max-image-preview":"max-image-preview:large","max-video-preview":"max-video-preview:-1"},"canonical":"https:\/\/www.makrishotel.gr\/fr\/kamari-hotel-hebergement\/deluxe-double-room\/","og_locale":"fr_FR","og_type":"article","og_title":"Deluxe Double Room - H\u00e9bergement Makris Hotel Kamari Santorini","og_description":"Enti\u00e8rement r\u00e9nov\u00e9es, les chambres sup\u00e9rieures de notre h\u00f4tel associent luxe et confort dans un cadre fabuleux.","og_url":"https:\/\/www.makrishotel.gr\/fr\/kamari-hotel-hebergement\/deluxe-double-room\/","og_site_name":"Makris Santorini Hotel Kamari Beach","article_publisher":"https:\/\/www.facebook.com\/MakrisHotelSantorini","article_modified_time":"2021-12-05T10:41:39+00:00","og_image":[{"width":2560,"height":613,"url":"https:\/\/www.makrishotel.gr\/wp-content\/uploads\/2016\/07\/superior-rooms.jpg","type":"image\/jpeg"}],"twitter_card":"summary_large_image","schema":{"@context":"https:\/\/schema.org","@graph":[{"@type":"WebPage","@id":"https:\/\/www.makrishotel.gr\/fr\/kamari-hotel-hebergement\/deluxe-double-room\/","url":"https:\/\/www.makrishotel.gr\/fr\/kamari-hotel-hebergement\/deluxe-double-room\/","name":"Deluxe Double Room - H\u00e9bergement Makris Hotel Kamari Santorini","isPartOf":{"@id":"https:\/\/www.makrishotel.gr\/#website"},"datePublished":"2016-07-06T08:42:28+00:00","dateModified":"2021-12-05T10:41:39+00:00","description":"Enti\u00e8rement r\u00e9nov\u00e9es, les chambres sup\u00e9rieures de notre h\u00f4tel associent luxe et confort dans un cadre fabuleux.","breadcrumb":{"@id":"https:\/\/www.makrishotel.gr\/fr\/kamari-hotel-hebergement\/deluxe-double-room\/#breadcrumb"},"inLanguage":"fr-FR","potentialAction":[{"@type":"ReadAction","target":["https:\/\/www.makrishotel.gr\/fr\/kamari-hotel-hebergement\/deluxe-double-room\/"]}]},{"@type":"BreadcrumbList","@id":"https:\/\/www.makrishotel.gr\/fr\/kamari-hotel-hebergement\/deluxe-double-room\/#breadcrumb","itemListElement":[{"@type":"ListItem","position":1,"name":"Kamari Hotel H\u00e9bergement","item":"https:\/\/www.makrishotel.gr\/fr\/kamari-hotel-hebergement\/"},{"@type":"ListItem","position":2,"name":"Deluxe Double Room"}]},{"@type":"WebSite","@id":"https:\/\/www.makrishotel.gr\/#website","url":"https:\/\/www.makrishotel.gr\/","name":"Makris Santorini Hotel Kamari Beach","description":"","publisher":{"@id":"https:\/\/www.makrishotel.gr\/#organization"},"potentialAction":[{"@type":"SearchAction","target":{"@type":"EntryPoint","urlTemplate":"https:\/\/www.makrishotel.gr\/?s={search_term_string}"},"query-input":"required name=search_term_string"}],"inLanguage":"fr-FR"},{"@type":"Organization","@id":"https:\/\/www.makrishotel.gr\/#organization","name":"Makris Santorini Hotel Kamari Beach","url":"https:\/\/www.makrishotel.gr\/","logo":{"@type":"ImageObject","inLanguage":"fr-FR","@id":"https:\/\/www.makrishotel.gr\/#\/schema\/logo\/image\/","url":"https:\/\/www.makrishotel.gr\/wp-content\/uploads\/2016\/07\/logo.png","contentUrl":"https:\/\/www.makrishotel.gr\/wp-content\/uploads\/2016\/07\/logo.png","width":284,"height":62,"caption":"Makris Santorini Hotel Kamari Beach"},"image":{"@id":"https:\/\/www.makrishotel.gr\/#\/schema\/logo\/image\/"},"sameAs":["https:\/\/www.facebook.com\/MakrisHotelSantorini"]}]}},"_links":{"self":[{"href":"https:\/\/www.makrishotel.gr\/fr\/wp-json\/wp\/v2\/pages\/4478"}],"collection":[{"href":"https:\/\/www.makrishotel.gr\/fr\/wp-json\/wp\/v2\/pages"}],"about":[{"href":"https:\/\/www.makrishotel.gr\/fr\/wp-json\/wp\/v2\/types\/page"}],"author":[{"embeddable":true,"href":"https:\/\/www.makrishotel.gr\/fr\/wp-json\/wp\/v2\/users\/3"}],"replies":[{"embeddable":true,"href":"https:\/\/www.makrishotel.gr\/fr\/wp-json\/wp\/v2\/comments?post=4478"}],"version-history":[{"count":0,"href":"https:\/\/www.makrishotel.gr\/fr\/wp-json\/wp\/v2\/pages\/4478\/revisions"}],"up":[{"embeddable":true,"href":"https:\/\/www.makrishotel.gr\/fr\/wp-json\/wp\/v2\/pages\/3710"}],"wp:featuredmedia":[{"embeddable":true,"href":"https:\/\/www.makrishotel.gr\/fr\/wp-json\/wp\/v2\/media\/4132"}],"wp:attachment":[{"href":"https:\/\/www.makrishotel.gr\/fr\/wp-json\/wp\/v2\/media?parent=4478"}],"curies":[{"name":"wp","href":"https:\/\/api.w.org\/{rel}","templated":true}]}}