{"id":4473,"date":"2016-09-29T05:50:55","date_gmt":"2016-09-29T05:50:55","guid":{"rendered":"https:\/\/www.makrishotel.gr\/kamari-hotel-hebergement\/one-bedroom-apartments-with-sea-view\/"},"modified":"2021-12-06T15:11:43","modified_gmt":"2021-12-06T13:11:43","slug":"chambre-double-de-luxe-avec-vue-sur-mer","status":"publish","type":"page","link":"https:\/\/www.makrishotel.gr\/fr\/kamari-hotel-hebergement\/chambre-double-de-luxe-avec-vue-sur-mer\/","title":{"rendered":"Chambre Double de Luxe avec Vue sur Mer"},"content":{"rendered":"<p style=\"text-align: center;\">H\u00e9bergeant 2 \u00e0 5 personnes, nos appartements sont confortables et id\u00e9alement adapt\u00e9s aux couples, aux familles nombreuses ou aux amis. Ils disposent d\u2019une chambre s\u00e9par\u00e9e avec un lit double ou des lits jumeaux ainsi que d\u2019un salon avec des canap\u00e9s-lits suppl\u00e9mentaires. Les \u00e9quipements comprennent une machine \u00e0 caf\u00e9 ou une bouilloire, un r\u00e9frig\u00e9rateur avec de la vaisselle et des couverts pour plus de commodit\u00e9, une t\u00e9l\u00e9vision, la climatisation (A\/C) ainsi qu\u2019une salle de bains privative avec une douche, un s\u00e8che-cheveux et des articles de toilette individuels. Ils garantissent un excellent s\u00e9jour \u00e0 Santorin. Ces appartements spacieux (40 \u2013 55 m\u00b2) offrent une vue sur la mer. Le balcon priv\u00e9 vous permet de b\u00e9n\u00e9ficier des magnifiques paysages de Santorin et de la superbe vue sur la mer!<\/p>\n","protected":false},"excerpt":{"rendered":"<p>H\u00e9bergeant 2 \u00e0 5 personnes, nos appartements sont confortables et&#8230;<\/p>\n","protected":false},"author":3,"featured_media":25792,"parent":3710,"menu_order":4,"comment_status":"closed","ping_status":"closed","template":"page-rooms.php","meta":[],"acf":[],"yoast_head":"<!-- This site is optimized with the Yoast SEO plugin v20.0 - https:\/\/yoast.com\/wordpress\/plugins\/seo\/ -->\n<title>Chambre Double de Luxe avec Vue sur Mer - Makris Hotel Santorin<\/title>\n<meta name=\"description\" content=\"Les \u00e9quipements comprennent une machine \u00e0 caf\u00e9, une t\u00e9l\u00e9vision, la climatisation ainsi qu\u2019une salle de bains privative avec une douche.\" \/>\n<meta name=\"robots\" content=\"index, follow, max-snippet:-1, max-image-preview:large, max-video-preview:-1\" \/>\n<link rel=\"canonical\" href=\"https:\/\/www.makrishotel.gr\/fr\/kamari-hotel-hebergement\/chambre-double-de-luxe-avec-vue-sur-mer\/\" \/>\n<meta property=\"og:locale\" content=\"fr_FR\" \/>\n<meta property=\"og:type\" content=\"article\" \/>\n<meta property=\"og:title\" content=\"Chambre Double de Luxe avec Vue sur Mer - Makris Hotel Santorin\" \/>\n<meta property=\"og:description\" content=\"Les \u00e9quipements comprennent une machine \u00e0 caf\u00e9, une t\u00e9l\u00e9vision, la climatisation ainsi qu\u2019une salle de bains privative avec une douche.\" \/>\n<meta property=\"og:url\" content=\"https:\/\/www.makrishotel.gr\/fr\/kamari-hotel-hebergement\/chambre-double-de-luxe-avec-vue-sur-mer\/\" \/>\n<meta property=\"og:site_name\" content=\"Makris Santorini Hotel Kamari Beach\" \/>\n<meta property=\"article:publisher\" content=\"https:\/\/www.facebook.com\/MakrisHotelSantorini\" \/>\n<meta property=\"article:modified_time\" content=\"2021-12-06T13:11:43+00:00\" \/>\n<meta property=\"og:image\" content=\"https:\/\/www.makrishotel.gr\/wp-content\/uploads\/2021\/12\/DELUXE-DOUBLE-ROOM-SEA-VIEW.jpg\" \/>\n\t<meta property=\"og:image:width\" content=\"2560\" \/>\n\t<meta property=\"og:image:height\" content=\"613\" \/>\n\t<meta property=\"og:image:type\" content=\"image\/jpeg\" \/>\n<meta name=\"twitter:card\" content=\"summary_large_image\" \/>\n<meta name=\"twitter:label1\" content=\"Dur\u00e9e de lecture estim\u00e9e\" \/>\n\t<meta name=\"twitter:data1\" content=\"1 minute\" \/>\n<script type=\"application\/ld+json\" class=\"yoast-schema-graph\">{\"@context\":\"https:\/\/schema.org\",\"@graph\":[{\"@type\":\"WebPage\",\"@id\":\"https:\/\/www.makrishotel.gr\/fr\/kamari-hotel-hebergement\/chambre-double-de-luxe-avec-vue-sur-mer\/\",\"url\":\"https:\/\/www.makrishotel.gr\/fr\/kamari-hotel-hebergement\/chambre-double-de-luxe-avec-vue-sur-mer\/\",\"name\":\"Chambre Double de Luxe avec Vue sur Mer - Makris Hotel Santorin\",\"isPartOf\":{\"@id\":\"https:\/\/www.makrishotel.gr\/#website\"},\"datePublished\":\"2016-09-29T05:50:55+00:00\",\"dateModified\":\"2021-12-06T13:11:43+00:00\",\"description\":\"Les \u00e9quipements comprennent une machine \u00e0 caf\u00e9, une t\u00e9l\u00e9vision, la climatisation ainsi qu\u2019une salle de bains privative avec une douche.\",\"breadcrumb\":{\"@id\":\"https:\/\/www.makrishotel.gr\/fr\/kamari-hotel-hebergement\/chambre-double-de-luxe-avec-vue-sur-mer\/#breadcrumb\"},\"inLanguage\":\"fr-FR\",\"potentialAction\":[{\"@type\":\"ReadAction\",\"target\":[\"https:\/\/www.makrishotel.gr\/fr\/kamari-hotel-hebergement\/chambre-double-de-luxe-avec-vue-sur-mer\/\"]}]},{\"@type\":\"BreadcrumbList\",\"@id\":\"https:\/\/www.makrishotel.gr\/fr\/kamari-hotel-hebergement\/chambre-double-de-luxe-avec-vue-sur-mer\/#breadcrumb\",\"itemListElement\":[{\"@type\":\"ListItem\",\"position\":1,\"name\":\"Kamari Hotel H\u00e9bergement\",\"item\":\"https:\/\/www.makrishotel.gr\/fr\/kamari-hotel-hebergement\/\"},{\"@type\":\"ListItem\",\"position\":2,\"name\":\"Chambre Double de Luxe avec Vue sur Mer\"}]},{\"@type\":\"WebSite\",\"@id\":\"https:\/\/www.makrishotel.gr\/#website\",\"url\":\"https:\/\/www.makrishotel.gr\/\",\"name\":\"Makris Santorini Hotel Kamari Beach\",\"description\":\"\",\"publisher\":{\"@id\":\"https:\/\/www.makrishotel.gr\/#organization\"},\"potentialAction\":[{\"@type\":\"SearchAction\",\"target\":{\"@type\":\"EntryPoint\",\"urlTemplate\":\"https:\/\/www.makrishotel.gr\/?s={search_term_string}\"},\"query-input\":\"required name=search_term_string\"}],\"inLanguage\":\"fr-FR\"},{\"@type\":\"Organization\",\"@id\":\"https:\/\/www.makrishotel.gr\/#organization\",\"name\":\"Makris Santorini Hotel Kamari Beach\",\"url\":\"https:\/\/www.makrishotel.gr\/\",\"logo\":{\"@type\":\"ImageObject\",\"inLanguage\":\"fr-FR\",\"@id\":\"https:\/\/www.makrishotel.gr\/#\/schema\/logo\/image\/\",\"url\":\"https:\/\/www.makrishotel.gr\/wp-content\/uploads\/2016\/07\/logo.png\",\"contentUrl\":\"https:\/\/www.makrishotel.gr\/wp-content\/uploads\/2016\/07\/logo.png\",\"width\":284,\"height\":62,\"caption\":\"Makris Santorini Hotel Kamari Beach\"},\"image\":{\"@id\":\"https:\/\/www.makrishotel.gr\/#\/schema\/logo\/image\/\"},\"sameAs\":[\"https:\/\/www.facebook.com\/MakrisHotelSantorini\"]}]}<\/script>\n<!-- \/ Yoast SEO plugin. -->","yoast_head_json":{"title":"Chambre Double de Luxe avec Vue sur Mer - Makris Hotel Santorin","description":"Les \u00e9quipements comprennent une machine \u00e0 caf\u00e9, une t\u00e9l\u00e9vision, la climatisation ainsi qu\u2019une salle de bains privative avec une douche.","robots":{"index":"index","follow":"follow","max-snippet":"max-snippet:-1","max-image-preview":"max-image-preview:large","max-video-preview":"max-video-preview:-1"},"canonical":"https:\/\/www.makrishotel.gr\/fr\/kamari-hotel-hebergement\/chambre-double-de-luxe-avec-vue-sur-mer\/","og_locale":"fr_FR","og_type":"article","og_title":"Chambre Double de Luxe avec Vue sur Mer - Makris Hotel Santorin","og_description":"Les \u00e9quipements comprennent une machine \u00e0 caf\u00e9, une t\u00e9l\u00e9vision, la climatisation ainsi qu\u2019une salle de bains privative avec une douche.","og_url":"https:\/\/www.makrishotel.gr\/fr\/kamari-hotel-hebergement\/chambre-double-de-luxe-avec-vue-sur-mer\/","og_site_name":"Makris Santorini Hotel Kamari Beach","article_publisher":"https:\/\/www.facebook.com\/MakrisHotelSantorini","article_modified_time":"2021-12-06T13:11:43+00:00","og_image":[{"width":2560,"height":613,"url":"https:\/\/www.makrishotel.gr\/wp-content\/uploads\/2021\/12\/DELUXE-DOUBLE-ROOM-SEA-VIEW.jpg","type":"image\/jpeg"}],"twitter_card":"summary_large_image","twitter_misc":{"Dur\u00e9e de lecture estim\u00e9e":"1 minute"},"schema":{"@context":"https:\/\/schema.org","@graph":[{"@type":"WebPage","@id":"https:\/\/www.makrishotel.gr\/fr\/kamari-hotel-hebergement\/chambre-double-de-luxe-avec-vue-sur-mer\/","url":"https:\/\/www.makrishotel.gr\/fr\/kamari-hotel-hebergement\/chambre-double-de-luxe-avec-vue-sur-mer\/","name":"Chambre Double de Luxe avec Vue sur Mer - Makris Hotel Santorin","isPartOf":{"@id":"https:\/\/www.makrishotel.gr\/#website"},"datePublished":"2016-09-29T05:50:55+00:00","dateModified":"2021-12-06T13:11:43+00:00","description":"Les \u00e9quipements comprennent une machine \u00e0 caf\u00e9, une t\u00e9l\u00e9vision, la climatisation ainsi qu\u2019une salle de bains privative avec une douche.","breadcrumb":{"@id":"https:\/\/www.makrishotel.gr\/fr\/kamari-hotel-hebergement\/chambre-double-de-luxe-avec-vue-sur-mer\/#breadcrumb"},"inLanguage":"fr-FR","potentialAction":[{"@type":"ReadAction","target":["https:\/\/www.makrishotel.gr\/fr\/kamari-hotel-hebergement\/chambre-double-de-luxe-avec-vue-sur-mer\/"]}]},{"@type":"BreadcrumbList","@id":"https:\/\/www.makrishotel.gr\/fr\/kamari-hotel-hebergement\/chambre-double-de-luxe-avec-vue-sur-mer\/#breadcrumb","itemListElement":[{"@type":"ListItem","position":1,"name":"Kamari Hotel H\u00e9bergement","item":"https:\/\/www.makrishotel.gr\/fr\/kamari-hotel-hebergement\/"},{"@type":"ListItem","position":2,"name":"Chambre Double de Luxe avec Vue sur Mer"}]},{"@type":"WebSite","@id":"https:\/\/www.makrishotel.gr\/#website","url":"https:\/\/www.makrishotel.gr\/","name":"Makris Santorini Hotel Kamari Beach","description":"","publisher":{"@id":"https:\/\/www.makrishotel.gr\/#organization"},"potentialAction":[{"@type":"SearchAction","target":{"@type":"EntryPoint","urlTemplate":"https:\/\/www.makrishotel.gr\/?s={search_term_string}"},"query-input":"required name=search_term_string"}],"inLanguage":"fr-FR"},{"@type":"Organization","@id":"https:\/\/www.makrishotel.gr\/#organization","name":"Makris Santorini Hotel Kamari Beach","url":"https:\/\/www.makrishotel.gr\/","logo":{"@type":"ImageObject","inLanguage":"fr-FR","@id":"https:\/\/www.makrishotel.gr\/#\/schema\/logo\/image\/","url":"https:\/\/www.makrishotel.gr\/wp-content\/uploads\/2016\/07\/logo.png","contentUrl":"https:\/\/www.makrishotel.gr\/wp-content\/uploads\/2016\/07\/logo.png","width":284,"height":62,"caption":"Makris Santorini Hotel Kamari Beach"},"image":{"@id":"https:\/\/www.makrishotel.gr\/#\/schema\/logo\/image\/"},"sameAs":["https:\/\/www.facebook.com\/MakrisHotelSantorini"]}]}},"_links":{"self":[{"href":"https:\/\/www.makrishotel.gr\/fr\/wp-json\/wp\/v2\/pages\/4473"}],"collection":[{"href":"https:\/\/www.makrishotel.gr\/fr\/wp-json\/wp\/v2\/pages"}],"about":[{"href":"https:\/\/www.makrishotel.gr\/fr\/wp-json\/wp\/v2\/types\/page"}],"author":[{"embeddable":true,"href":"https:\/\/www.makrishotel.gr\/fr\/wp-json\/wp\/v2\/users\/3"}],"replies":[{"embeddable":true,"href":"https:\/\/www.makrishotel.gr\/fr\/wp-json\/wp\/v2\/comments?post=4473"}],"version-history":[{"count":0,"href":"https:\/\/www.makrishotel.gr\/fr\/wp-json\/wp\/v2\/pages\/4473\/revisions"}],"up":[{"embeddable":true,"href":"https:\/\/www.makrishotel.gr\/fr\/wp-json\/wp\/v2\/pages\/3710"}],"wp:featuredmedia":[{"embeddable":true,"href":"https:\/\/www.makrishotel.gr\/fr\/wp-json\/wp\/v2\/media\/25792"}],"wp:attachment":[{"href":"https:\/\/www.makrishotel.gr\/fr\/wp-json\/wp\/v2\/media?parent=4473"}],"curies":[{"name":"wp","href":"https:\/\/api.w.org\/{rel}","templated":true}]}}