{"id":4469,"date":"2016-07-02T17:54:08","date_gmt":"2016-07-02T17:54:08","guid":{"rendered":"https:\/\/www.makrishotel.gr\/kamari-hotel-hebergement\/one-bedroom-apartments\/"},"modified":"2021-12-06T15:10:57","modified_gmt":"2021-12-06T13:10:57","slug":"suite-de-luxe-a-une-chambre-avec-vue-et-jacuzzi","status":"publish","type":"page","link":"https:\/\/www.makrishotel.gr\/fr\/kamari-hotel-hebergement\/suite-de-luxe-a-une-chambre-avec-vue-et-jacuzzi\/","title":{"rendered":"Suite de luxe \u00e0 une chambre avec vue et jacuzzi"},"content":{"rendered":"<p style=\"text-align: center;\">H\u00e9bergeant 2 \u00e0 5 personnes, nos appartements sont confortables et id\u00e9alement adapt\u00e9s aux couples, aux familles nombreuses ou aux amis. Ils disposent d\u2019une chambre s\u00e9par\u00e9e avec un lit double ou des lits jumeaux, Jacuzzi, ainsi que d\u2019un salon avec des canap\u00e9s-lits suppl\u00e9mentaires. Les \u00e9quipements comprennent une machine \u00e0 caf\u00e9 ou une bouilloire, un r\u00e9frig\u00e9rateur avec de la vaisselle et des couverts pour plus de commodit\u00e9, une t\u00e9l\u00e9vision, la climatisation (A\/C) ainsi qu\u2019une salle de bains privative avec une douche et un s\u00e8che-cheveux. Ils garantissent un excellent s\u00e9jour \u00e0 Santorin. Ces appartements spacieux (40 \u2013 55 m\u00b2) offrent une vue sur la cour int\u00e9rieure de l\u2019h\u00f4tel. Profitez du superbe environnement et d\u00e9tendez-vous!<\/p>\n","protected":false},"excerpt":{"rendered":"<p>H\u00e9bergeant 2 \u00e0 5 personnes, nos appartements sont confortables et id\u00e9alement adapt\u00e9s aux couples, aux familles&#8230;<\/p>\n","protected":false},"author":3,"featured_media":25846,"parent":3710,"menu_order":5,"comment_status":"closed","ping_status":"closed","template":"page-rooms.php","meta":[],"acf":[],"yoast_head":"<!-- This site is optimized with the Yoast SEO plugin v20.0 - https:\/\/yoast.com\/wordpress\/plugins\/seo\/ -->\n<title>Suite de luxe \u00e0 une chambre avec vue et jacuzzi - Makris Hotel<\/title>\n<meta name=\"description\" content=\"H\u00e9bergeant 2 \u00e0 5 personnes, nos appartements sont confortables et id\u00e9alement adapt\u00e9s aux couples, aux familles nombreuses ou aux amis.\" \/>\n<meta name=\"robots\" content=\"index, follow, max-snippet:-1, max-image-preview:large, max-video-preview:-1\" \/>\n<link rel=\"canonical\" href=\"https:\/\/www.makrishotel.gr\/fr\/kamari-hotel-hebergement\/suite-de-luxe-a-une-chambre-avec-vue-et-jacuzzi\/\" \/>\n<meta property=\"og:locale\" content=\"fr_FR\" \/>\n<meta property=\"og:type\" content=\"article\" \/>\n<meta property=\"og:title\" content=\"Suite de luxe \u00e0 une chambre avec vue et jacuzzi - Makris Hotel\" \/>\n<meta property=\"og:description\" content=\"H\u00e9bergeant 2 \u00e0 5 personnes, nos appartements sont confortables et id\u00e9alement adapt\u00e9s aux couples, aux familles nombreuses ou aux amis.\" \/>\n<meta property=\"og:url\" content=\"https:\/\/www.makrishotel.gr\/fr\/kamari-hotel-hebergement\/suite-de-luxe-a-une-chambre-avec-vue-et-jacuzzi\/\" \/>\n<meta property=\"og:site_name\" content=\"Makris Santorini Hotel Kamari Beach\" \/>\n<meta property=\"article:publisher\" content=\"https:\/\/www.facebook.com\/MakrisHotelSantorini\" \/>\n<meta property=\"article:modified_time\" content=\"2021-12-06T13:10:57+00:00\" \/>\n<meta property=\"og:image\" content=\"https:\/\/www.makrishotel.gr\/wp-content\/uploads\/2021\/12\/DELUXE-ONE-BEDROOM-SUITE-WITH-VIEW-AND-JACUZZI-1.jpg\" \/>\n\t<meta property=\"og:image:width\" content=\"2560\" \/>\n\t<meta property=\"og:image:height\" content=\"613\" \/>\n\t<meta property=\"og:image:type\" content=\"image\/jpeg\" \/>\n<meta name=\"twitter:card\" content=\"summary_large_image\" \/>\n<meta name=\"twitter:label1\" content=\"Dur\u00e9e de lecture estim\u00e9e\" \/>\n\t<meta name=\"twitter:data1\" content=\"1 minute\" \/>\n<script type=\"application\/ld+json\" class=\"yoast-schema-graph\">{\"@context\":\"https:\/\/schema.org\",\"@graph\":[{\"@type\":\"WebPage\",\"@id\":\"https:\/\/www.makrishotel.gr\/fr\/kamari-hotel-hebergement\/suite-de-luxe-a-une-chambre-avec-vue-et-jacuzzi\/\",\"url\":\"https:\/\/www.makrishotel.gr\/fr\/kamari-hotel-hebergement\/suite-de-luxe-a-une-chambre-avec-vue-et-jacuzzi\/\",\"name\":\"Suite de luxe \u00e0 une chambre avec vue et jacuzzi - Makris Hotel\",\"isPartOf\":{\"@id\":\"https:\/\/www.makrishotel.gr\/#website\"},\"datePublished\":\"2016-07-02T17:54:08+00:00\",\"dateModified\":\"2021-12-06T13:10:57+00:00\",\"description\":\"H\u00e9bergeant 2 \u00e0 5 personnes, nos appartements sont confortables et id\u00e9alement adapt\u00e9s aux couples, aux familles nombreuses ou aux amis.\",\"breadcrumb\":{\"@id\":\"https:\/\/www.makrishotel.gr\/fr\/kamari-hotel-hebergement\/suite-de-luxe-a-une-chambre-avec-vue-et-jacuzzi\/#breadcrumb\"},\"inLanguage\":\"fr-FR\",\"potentialAction\":[{\"@type\":\"ReadAction\",\"target\":[\"https:\/\/www.makrishotel.gr\/fr\/kamari-hotel-hebergement\/suite-de-luxe-a-une-chambre-avec-vue-et-jacuzzi\/\"]}]},{\"@type\":\"BreadcrumbList\",\"@id\":\"https:\/\/www.makrishotel.gr\/fr\/kamari-hotel-hebergement\/suite-de-luxe-a-une-chambre-avec-vue-et-jacuzzi\/#breadcrumb\",\"itemListElement\":[{\"@type\":\"ListItem\",\"position\":1,\"name\":\"Kamari Hotel H\u00e9bergement\",\"item\":\"https:\/\/www.makrishotel.gr\/fr\/kamari-hotel-hebergement\/\"},{\"@type\":\"ListItem\",\"position\":2,\"name\":\"Suite de luxe \u00e0 une chambre avec vue et jacuzzi\"}]},{\"@type\":\"WebSite\",\"@id\":\"https:\/\/www.makrishotel.gr\/#website\",\"url\":\"https:\/\/www.makrishotel.gr\/\",\"name\":\"Makris Santorini Hotel Kamari Beach\",\"description\":\"\",\"publisher\":{\"@id\":\"https:\/\/www.makrishotel.gr\/#organization\"},\"potentialAction\":[{\"@type\":\"SearchAction\",\"target\":{\"@type\":\"EntryPoint\",\"urlTemplate\":\"https:\/\/www.makrishotel.gr\/?s={search_term_string}\"},\"query-input\":\"required name=search_term_string\"}],\"inLanguage\":\"fr-FR\"},{\"@type\":\"Organization\",\"@id\":\"https:\/\/www.makrishotel.gr\/#organization\",\"name\":\"Makris Santorini Hotel Kamari Beach\",\"url\":\"https:\/\/www.makrishotel.gr\/\",\"logo\":{\"@type\":\"ImageObject\",\"inLanguage\":\"fr-FR\",\"@id\":\"https:\/\/www.makrishotel.gr\/#\/schema\/logo\/image\/\",\"url\":\"https:\/\/www.makrishotel.gr\/wp-content\/uploads\/2016\/07\/logo.png\",\"contentUrl\":\"https:\/\/www.makrishotel.gr\/wp-content\/uploads\/2016\/07\/logo.png\",\"width\":284,\"height\":62,\"caption\":\"Makris Santorini Hotel Kamari Beach\"},\"image\":{\"@id\":\"https:\/\/www.makrishotel.gr\/#\/schema\/logo\/image\/\"},\"sameAs\":[\"https:\/\/www.facebook.com\/MakrisHotelSantorini\"]}]}<\/script>\n<!-- \/ Yoast SEO plugin. -->","yoast_head_json":{"title":"Suite de luxe \u00e0 une chambre avec vue et jacuzzi - Makris Hotel","description":"H\u00e9bergeant 2 \u00e0 5 personnes, nos appartements sont confortables et id\u00e9alement adapt\u00e9s aux couples, aux familles nombreuses ou aux amis.","robots":{"index":"index","follow":"follow","max-snippet":"max-snippet:-1","max-image-preview":"max-image-preview:large","max-video-preview":"max-video-preview:-1"},"canonical":"https:\/\/www.makrishotel.gr\/fr\/kamari-hotel-hebergement\/suite-de-luxe-a-une-chambre-avec-vue-et-jacuzzi\/","og_locale":"fr_FR","og_type":"article","og_title":"Suite de luxe \u00e0 une chambre avec vue et jacuzzi - Makris Hotel","og_description":"H\u00e9bergeant 2 \u00e0 5 personnes, nos appartements sont confortables et id\u00e9alement adapt\u00e9s aux couples, aux familles nombreuses ou aux amis.","og_url":"https:\/\/www.makrishotel.gr\/fr\/kamari-hotel-hebergement\/suite-de-luxe-a-une-chambre-avec-vue-et-jacuzzi\/","og_site_name":"Makris Santorini Hotel Kamari Beach","article_publisher":"https:\/\/www.facebook.com\/MakrisHotelSantorini","article_modified_time":"2021-12-06T13:10:57+00:00","og_image":[{"width":2560,"height":613,"url":"https:\/\/www.makrishotel.gr\/wp-content\/uploads\/2021\/12\/DELUXE-ONE-BEDROOM-SUITE-WITH-VIEW-AND-JACUZZI-1.jpg","type":"image\/jpeg"}],"twitter_card":"summary_large_image","twitter_misc":{"Dur\u00e9e de lecture estim\u00e9e":"1 minute"},"schema":{"@context":"https:\/\/schema.org","@graph":[{"@type":"WebPage","@id":"https:\/\/www.makrishotel.gr\/fr\/kamari-hotel-hebergement\/suite-de-luxe-a-une-chambre-avec-vue-et-jacuzzi\/","url":"https:\/\/www.makrishotel.gr\/fr\/kamari-hotel-hebergement\/suite-de-luxe-a-une-chambre-avec-vue-et-jacuzzi\/","name":"Suite de luxe \u00e0 une chambre avec vue et jacuzzi - Makris Hotel","isPartOf":{"@id":"https:\/\/www.makrishotel.gr\/#website"},"datePublished":"2016-07-02T17:54:08+00:00","dateModified":"2021-12-06T13:10:57+00:00","description":"H\u00e9bergeant 2 \u00e0 5 personnes, nos appartements sont confortables et id\u00e9alement adapt\u00e9s aux couples, aux familles nombreuses ou aux amis.","breadcrumb":{"@id":"https:\/\/www.makrishotel.gr\/fr\/kamari-hotel-hebergement\/suite-de-luxe-a-une-chambre-avec-vue-et-jacuzzi\/#breadcrumb"},"inLanguage":"fr-FR","potentialAction":[{"@type":"ReadAction","target":["https:\/\/www.makrishotel.gr\/fr\/kamari-hotel-hebergement\/suite-de-luxe-a-une-chambre-avec-vue-et-jacuzzi\/"]}]},{"@type":"BreadcrumbList","@id":"https:\/\/www.makrishotel.gr\/fr\/kamari-hotel-hebergement\/suite-de-luxe-a-une-chambre-avec-vue-et-jacuzzi\/#breadcrumb","itemListElement":[{"@type":"ListItem","position":1,"name":"Kamari Hotel H\u00e9bergement","item":"https:\/\/www.makrishotel.gr\/fr\/kamari-hotel-hebergement\/"},{"@type":"ListItem","position":2,"name":"Suite de luxe \u00e0 une chambre avec vue et jacuzzi"}]},{"@type":"WebSite","@id":"https:\/\/www.makrishotel.gr\/#website","url":"https:\/\/www.makrishotel.gr\/","name":"Makris Santorini Hotel Kamari Beach","description":"","publisher":{"@id":"https:\/\/www.makrishotel.gr\/#organization"},"potentialAction":[{"@type":"SearchAction","target":{"@type":"EntryPoint","urlTemplate":"https:\/\/www.makrishotel.gr\/?s={search_term_string}"},"query-input":"required name=search_term_string"}],"inLanguage":"fr-FR"},{"@type":"Organization","@id":"https:\/\/www.makrishotel.gr\/#organization","name":"Makris Santorini Hotel Kamari Beach","url":"https:\/\/www.makrishotel.gr\/","logo":{"@type":"ImageObject","inLanguage":"fr-FR","@id":"https:\/\/www.makrishotel.gr\/#\/schema\/logo\/image\/","url":"https:\/\/www.makrishotel.gr\/wp-content\/uploads\/2016\/07\/logo.png","contentUrl":"https:\/\/www.makrishotel.gr\/wp-content\/uploads\/2016\/07\/logo.png","width":284,"height":62,"caption":"Makris Santorini Hotel Kamari Beach"},"image":{"@id":"https:\/\/www.makrishotel.gr\/#\/schema\/logo\/image\/"},"sameAs":["https:\/\/www.facebook.com\/MakrisHotelSantorini"]}]}},"_links":{"self":[{"href":"https:\/\/www.makrishotel.gr\/fr\/wp-json\/wp\/v2\/pages\/4469"}],"collection":[{"href":"https:\/\/www.makrishotel.gr\/fr\/wp-json\/wp\/v2\/pages"}],"about":[{"href":"https:\/\/www.makrishotel.gr\/fr\/wp-json\/wp\/v2\/types\/page"}],"author":[{"embeddable":true,"href":"https:\/\/www.makrishotel.gr\/fr\/wp-json\/wp\/v2\/users\/3"}],"replies":[{"embeddable":true,"href":"https:\/\/www.makrishotel.gr\/fr\/wp-json\/wp\/v2\/comments?post=4469"}],"version-history":[{"count":0,"href":"https:\/\/www.makrishotel.gr\/fr\/wp-json\/wp\/v2\/pages\/4469\/revisions"}],"up":[{"embeddable":true,"href":"https:\/\/www.makrishotel.gr\/fr\/wp-json\/wp\/v2\/pages\/3710"}],"wp:featuredmedia":[{"embeddable":true,"href":"https:\/\/www.makrishotel.gr\/fr\/wp-json\/wp\/v2\/media\/25846"}],"wp:attachment":[{"href":"https:\/\/www.makrishotel.gr\/fr\/wp-json\/wp\/v2\/media?parent=4469"}],"curies":[{"name":"wp","href":"https:\/\/api.w.org\/{rel}","templated":true}]}}