{"id":4465,"date":"2016-07-02T17:53:47","date_gmt":"2016-07-02T14:53:47","guid":{"rendered":"https:\/\/www.makrishotel.gr\/kamari-hotel-hebergement\/studios\/"},"modified":"2021-12-05T12:41:22","modified_gmt":"2021-12-05T10:41:22","slug":"one-double-room","status":"publish","type":"page","link":"https:\/\/www.makrishotel.gr\/fr\/kamari-hotel-hebergement\/one-double-room\/","title":{"rendered":"One Double Room"},"content":{"rendered":"<p style=\"text-align: center;\">Un blanc lumineux et des d\u00e9tails aux couleurs vives pr\u00e9valent dans nos One Double Rooms, d\u00e9cor\u00e9s avec style et id\u00e9alement adapt\u00e9s pour h\u00e9berger 2 \u00e0 3 personnes. \u00c0 l\u2019int\u00e9rieur, vous pourrez choisir entre un lit double et des lits jumeaux. Profitez des \u00e9quipements comprenant une machine \u00e0 caf\u00e9 ou une bouilloire, un r\u00e9frig\u00e9rateur, de la vaisselle et des couverts pour plus de commodit\u00e9, une t\u00e9l\u00e9vision, la climatisation (A\/C) ainsi qu\u2019une salle de bains privative avec une douche et un s\u00e8che-cheveux. D\u2019une superficie comprise entre 20 et 25 m\u00b2, ils donnent sur la cour int\u00e9rieure de l\u2019h\u00f4tel. \u00c0 l\u2019ext\u00e9rieur, un balcon priv\u00e9 vous permet de vous d\u00e9tendre et de profiter de la vue sur les environs.<\/p>\n","protected":false},"excerpt":{"rendered":"<p>Un blanc lumineux et des d\u00e9tails aux couleurs vives pr\u00e9valent dans nos studios, d\u00e9cor\u00e9s avec style et id\u00e9alement adapt\u00e9s pour h\u00e9berger 2 \u00e0 3 personnes.<\/p>\n","protected":false},"author":3,"featured_media":3868,"parent":3710,"menu_order":0,"comment_status":"closed","ping_status":"closed","template":"page-rooms.php","meta":[],"acf":[],"yoast_head":"<!-- This site is optimized with the Yoast SEO plugin v20.0 - https:\/\/yoast.com\/wordpress\/plugins\/seo\/ -->\n<title>One Double Room - Makris Hotel Santorin H\u00e9bergement<\/title>\n<meta name=\"description\" content=\"Un blanc lumineux et des d\u00e9tails aux couleurs pr\u00e9valent dans One Double Room, d\u00e9cor\u00e9s avec style et id\u00e9alement adapt\u00e9s pour h\u00e9berger\" \/>\n<meta name=\"robots\" content=\"index, follow, max-snippet:-1, max-image-preview:large, max-video-preview:-1\" \/>\n<link rel=\"canonical\" href=\"https:\/\/www.makrishotel.gr\/fr\/kamari-hotel-hebergement\/one-double-room\/\" \/>\n<meta property=\"og:locale\" content=\"fr_FR\" \/>\n<meta property=\"og:type\" content=\"article\" \/>\n<meta property=\"og:title\" content=\"One Double Room - Makris Hotel Santorin H\u00e9bergement\" \/>\n<meta property=\"og:description\" content=\"Un blanc lumineux et des d\u00e9tails aux couleurs pr\u00e9valent dans One Double Room, d\u00e9cor\u00e9s avec style et id\u00e9alement adapt\u00e9s pour h\u00e9berger\" \/>\n<meta property=\"og:url\" content=\"https:\/\/www.makrishotel.gr\/fr\/kamari-hotel-hebergement\/one-double-room\/\" \/>\n<meta property=\"og:site_name\" content=\"Makris Santorini Hotel Kamari Beach\" \/>\n<meta property=\"article:publisher\" content=\"https:\/\/www.facebook.com\/MakrisHotelSantorini\" \/>\n<meta property=\"article:modified_time\" content=\"2021-12-05T10:41:22+00:00\" \/>\n<meta property=\"og:image\" content=\"https:\/\/www.makrishotel.gr\/wp-content\/uploads\/2016\/07\/makris-hotel-kamari-santorini-accomodation-studios.jpg\" \/>\n\t<meta property=\"og:image:width\" content=\"2560\" \/>\n\t<meta property=\"og:image:height\" content=\"613\" \/>\n\t<meta property=\"og:image:type\" content=\"image\/jpeg\" \/>\n<meta name=\"twitter:card\" content=\"summary_large_image\" \/>\n<meta name=\"twitter:label1\" content=\"Dur\u00e9e de lecture estim\u00e9e\" \/>\n\t<meta name=\"twitter:data1\" content=\"1 minute\" \/>\n<script type=\"application\/ld+json\" class=\"yoast-schema-graph\">{\"@context\":\"https:\/\/schema.org\",\"@graph\":[{\"@type\":\"WebPage\",\"@id\":\"https:\/\/www.makrishotel.gr\/fr\/kamari-hotel-hebergement\/one-double-room\/\",\"url\":\"https:\/\/www.makrishotel.gr\/fr\/kamari-hotel-hebergement\/one-double-room\/\",\"name\":\"One Double Room - Makris Hotel Santorin H\u00e9bergement\",\"isPartOf\":{\"@id\":\"https:\/\/www.makrishotel.gr\/#website\"},\"datePublished\":\"2016-07-02T14:53:47+00:00\",\"dateModified\":\"2021-12-05T10:41:22+00:00\",\"description\":\"Un blanc lumineux et des d\u00e9tails aux couleurs pr\u00e9valent dans One Double Room, d\u00e9cor\u00e9s avec style et id\u00e9alement adapt\u00e9s pour h\u00e9berger\",\"breadcrumb\":{\"@id\":\"https:\/\/www.makrishotel.gr\/fr\/kamari-hotel-hebergement\/one-double-room\/#breadcrumb\"},\"inLanguage\":\"fr-FR\",\"potentialAction\":[{\"@type\":\"ReadAction\",\"target\":[\"https:\/\/www.makrishotel.gr\/fr\/kamari-hotel-hebergement\/one-double-room\/\"]}]},{\"@type\":\"BreadcrumbList\",\"@id\":\"https:\/\/www.makrishotel.gr\/fr\/kamari-hotel-hebergement\/one-double-room\/#breadcrumb\",\"itemListElement\":[{\"@type\":\"ListItem\",\"position\":1,\"name\":\"Kamari Hotel H\u00e9bergement\",\"item\":\"https:\/\/www.makrishotel.gr\/fr\/kamari-hotel-hebergement\/\"},{\"@type\":\"ListItem\",\"position\":2,\"name\":\"One Double Room\"}]},{\"@type\":\"WebSite\",\"@id\":\"https:\/\/www.makrishotel.gr\/#website\",\"url\":\"https:\/\/www.makrishotel.gr\/\",\"name\":\"Makris Santorini Hotel Kamari Beach\",\"description\":\"\",\"publisher\":{\"@id\":\"https:\/\/www.makrishotel.gr\/#organization\"},\"potentialAction\":[{\"@type\":\"SearchAction\",\"target\":{\"@type\":\"EntryPoint\",\"urlTemplate\":\"https:\/\/www.makrishotel.gr\/?s={search_term_string}\"},\"query-input\":\"required name=search_term_string\"}],\"inLanguage\":\"fr-FR\"},{\"@type\":\"Organization\",\"@id\":\"https:\/\/www.makrishotel.gr\/#organization\",\"name\":\"Makris Santorini Hotel Kamari Beach\",\"url\":\"https:\/\/www.makrishotel.gr\/\",\"logo\":{\"@type\":\"ImageObject\",\"inLanguage\":\"fr-FR\",\"@id\":\"https:\/\/www.makrishotel.gr\/#\/schema\/logo\/image\/\",\"url\":\"https:\/\/www.makrishotel.gr\/wp-content\/uploads\/2016\/07\/logo.png\",\"contentUrl\":\"https:\/\/www.makrishotel.gr\/wp-content\/uploads\/2016\/07\/logo.png\",\"width\":284,\"height\":62,\"caption\":\"Makris Santorini Hotel Kamari Beach\"},\"image\":{\"@id\":\"https:\/\/www.makrishotel.gr\/#\/schema\/logo\/image\/\"},\"sameAs\":[\"https:\/\/www.facebook.com\/MakrisHotelSantorini\"]}]}<\/script>\n<!-- \/ Yoast SEO plugin. -->","yoast_head_json":{"title":"One Double Room - Makris Hotel Santorin H\u00e9bergement","description":"Un blanc lumineux et des d\u00e9tails aux couleurs pr\u00e9valent dans One Double Room, d\u00e9cor\u00e9s avec style et id\u00e9alement adapt\u00e9s pour h\u00e9berger","robots":{"index":"index","follow":"follow","max-snippet":"max-snippet:-1","max-image-preview":"max-image-preview:large","max-video-preview":"max-video-preview:-1"},"canonical":"https:\/\/www.makrishotel.gr\/fr\/kamari-hotel-hebergement\/one-double-room\/","og_locale":"fr_FR","og_type":"article","og_title":"One Double Room - Makris Hotel Santorin H\u00e9bergement","og_description":"Un blanc lumineux et des d\u00e9tails aux couleurs pr\u00e9valent dans One Double Room, d\u00e9cor\u00e9s avec style et id\u00e9alement adapt\u00e9s pour h\u00e9berger","og_url":"https:\/\/www.makrishotel.gr\/fr\/kamari-hotel-hebergement\/one-double-room\/","og_site_name":"Makris Santorini Hotel Kamari Beach","article_publisher":"https:\/\/www.facebook.com\/MakrisHotelSantorini","article_modified_time":"2021-12-05T10:41:22+00:00","og_image":[{"width":2560,"height":613,"url":"https:\/\/www.makrishotel.gr\/wp-content\/uploads\/2016\/07\/makris-hotel-kamari-santorini-accomodation-studios.jpg","type":"image\/jpeg"}],"twitter_card":"summary_large_image","twitter_misc":{"Dur\u00e9e de lecture estim\u00e9e":"1 minute"},"schema":{"@context":"https:\/\/schema.org","@graph":[{"@type":"WebPage","@id":"https:\/\/www.makrishotel.gr\/fr\/kamari-hotel-hebergement\/one-double-room\/","url":"https:\/\/www.makrishotel.gr\/fr\/kamari-hotel-hebergement\/one-double-room\/","name":"One Double Room - Makris Hotel Santorin H\u00e9bergement","isPartOf":{"@id":"https:\/\/www.makrishotel.gr\/#website"},"datePublished":"2016-07-02T14:53:47+00:00","dateModified":"2021-12-05T10:41:22+00:00","description":"Un blanc lumineux et des d\u00e9tails aux couleurs pr\u00e9valent dans One Double Room, d\u00e9cor\u00e9s avec style et id\u00e9alement adapt\u00e9s pour h\u00e9berger","breadcrumb":{"@id":"https:\/\/www.makrishotel.gr\/fr\/kamari-hotel-hebergement\/one-double-room\/#breadcrumb"},"inLanguage":"fr-FR","potentialAction":[{"@type":"ReadAction","target":["https:\/\/www.makrishotel.gr\/fr\/kamari-hotel-hebergement\/one-double-room\/"]}]},{"@type":"BreadcrumbList","@id":"https:\/\/www.makrishotel.gr\/fr\/kamari-hotel-hebergement\/one-double-room\/#breadcrumb","itemListElement":[{"@type":"ListItem","position":1,"name":"Kamari Hotel H\u00e9bergement","item":"https:\/\/www.makrishotel.gr\/fr\/kamari-hotel-hebergement\/"},{"@type":"ListItem","position":2,"name":"One Double Room"}]},{"@type":"WebSite","@id":"https:\/\/www.makrishotel.gr\/#website","url":"https:\/\/www.makrishotel.gr\/","name":"Makris Santorini Hotel Kamari Beach","description":"","publisher":{"@id":"https:\/\/www.makrishotel.gr\/#organization"},"potentialAction":[{"@type":"SearchAction","target":{"@type":"EntryPoint","urlTemplate":"https:\/\/www.makrishotel.gr\/?s={search_term_string}"},"query-input":"required name=search_term_string"}],"inLanguage":"fr-FR"},{"@type":"Organization","@id":"https:\/\/www.makrishotel.gr\/#organization","name":"Makris Santorini Hotel Kamari Beach","url":"https:\/\/www.makrishotel.gr\/","logo":{"@type":"ImageObject","inLanguage":"fr-FR","@id":"https:\/\/www.makrishotel.gr\/#\/schema\/logo\/image\/","url":"https:\/\/www.makrishotel.gr\/wp-content\/uploads\/2016\/07\/logo.png","contentUrl":"https:\/\/www.makrishotel.gr\/wp-content\/uploads\/2016\/07\/logo.png","width":284,"height":62,"caption":"Makris Santorini Hotel Kamari Beach"},"image":{"@id":"https:\/\/www.makrishotel.gr\/#\/schema\/logo\/image\/"},"sameAs":["https:\/\/www.facebook.com\/MakrisHotelSantorini"]}]}},"_links":{"self":[{"href":"https:\/\/www.makrishotel.gr\/fr\/wp-json\/wp\/v2\/pages\/4465"}],"collection":[{"href":"https:\/\/www.makrishotel.gr\/fr\/wp-json\/wp\/v2\/pages"}],"about":[{"href":"https:\/\/www.makrishotel.gr\/fr\/wp-json\/wp\/v2\/types\/page"}],"author":[{"embeddable":true,"href":"https:\/\/www.makrishotel.gr\/fr\/wp-json\/wp\/v2\/users\/3"}],"replies":[{"embeddable":true,"href":"https:\/\/www.makrishotel.gr\/fr\/wp-json\/wp\/v2\/comments?post=4465"}],"version-history":[{"count":0,"href":"https:\/\/www.makrishotel.gr\/fr\/wp-json\/wp\/v2\/pages\/4465\/revisions"}],"up":[{"embeddable":true,"href":"https:\/\/www.makrishotel.gr\/fr\/wp-json\/wp\/v2\/pages\/3710"}],"wp:featuredmedia":[{"embeddable":true,"href":"https:\/\/www.makrishotel.gr\/fr\/wp-json\/wp\/v2\/media\/3868"}],"wp:attachment":[{"href":"https:\/\/www.makrishotel.gr\/fr\/wp-json\/wp\/v2\/media?parent=4465"}],"curies":[{"name":"wp","href":"https:\/\/api.w.org\/{rel}","templated":true}]}}