{"id":3818,"date":"2016-07-02T17:25:54","date_gmt":"2016-07-02T17:25:54","guid":{"rendered":"https:\/\/www.makrishotel.gr\/makris-hotel\/"},"modified":"2022-02-08T10:11:53","modified_gmt":"2022-02-08T08:11:53","slug":"makris-hotel","status":"publish","type":"page","link":"https:\/\/www.makrishotel.gr\/fr\/","title":{"rendered":"MAKRIS HOTEL SANTORIN"},"content":{"rendered":"<p style=\"text-align: left;\">Superbement situ\u00e9 dans l\u2019un des endroits les plus attrayants de l\u2019\u00eele, l\u2019\u00e9tablissement <strong>Makris Beach Hotel Santorini<\/strong> propose des <a href=\"https:\/\/www.makrishotel.gr\/fr\/kamari-hotel-hebergement\/\"><strong>h\u00e9bergements privil\u00e9gi\u00e9s \u00e0 Kamari<\/strong><\/a>. \u00c0 quelques pas de la c\u00e9l\u00e8bre <a href=\"https:\/\/www.makrishotel.gr\/fr\/photo-galleries\/plage-de-kamari\/\" target=\"_blank\" rel=\"noopener noreferrer\"><strong>plage de Kamari<\/strong><\/a> avec ses galets noirs typiques, vous pourrez vous installer et vous d\u00e9tendre sous un soleil radieux en contemplant le superbe horizon et en admirant le coucher de soleil sur Santorin. D\u00e9couvrez la quintessence de l\u2019hospitalit\u00e9 grecque \u00e0 l\u2019\u00e9tablissement Makris Beach Hotel Kamari Santorin, en s\u00e9journant dans l\u2019un des appartements modernes et lumineux de notre h\u00f4tel.<\/p>\n<p style=\"text-align: left;\"><a class=\"btn btn-default\" href=\"https:\/\/www.makrishotel.gr\/fr\/pourquoi-le-makris-hotel\/\">POURQUOI LE MAKRIS HOTEL?<\/a><\/p>\n","protected":false},"excerpt":{"rendered":"<p>Superbement situ\u00e9 dans l\u2019un des endroits les plus attrayants de l\u2019\u00eele, l\u2019\u00e9tablissement Makris Beach Hotel Santorini propose des h\u00e9bergements privil\u00e9gi\u00e9s \u00e0 Kamari. \u00c0 quelques pas de la c\u00e9l\u00e8bre plage de Kamari avec ses galets noirs typiques, vous pourrez vous installer et vous d\u00e9tendre sous un soleil radieux en contemplant le superbe horizon et en admirant [&hellip;]<\/p>\n","protected":false},"author":3,"featured_media":0,"parent":0,"menu_order":0,"comment_status":"closed","ping_status":"closed","template":"page-home.php","meta":[],"acf":[],"yoast_head":"<!-- This site is optimized with the Yoast SEO plugin v20.0 - https:\/\/yoast.com\/wordpress\/plugins\/seo\/ -->\n<title>H\u00f4tel Makris Santorini - Plage de Kamari<\/title>\n<meta name=\"description\" content=\"Pour b\u00e9n\u00e9ficier de la garantie du meilleur prix, veuillez r\u00e9server directement aupr\u00e8s de nous. R\u00e9server Maintenant!\" \/>\n<meta name=\"robots\" content=\"index, follow, max-snippet:-1, max-image-preview:large, max-video-preview:-1\" \/>\n<link rel=\"canonical\" href=\"https:\/\/www.makrishotel.gr\/fr\/\" \/>\n<meta property=\"og:locale\" content=\"fr_FR\" \/>\n<meta property=\"og:type\" content=\"article\" \/>\n<meta property=\"og:title\" content=\"H\u00f4tel Makris Santorini - Plage de Kamari\" \/>\n<meta property=\"og:description\" content=\"Pour b\u00e9n\u00e9ficier de la garantie du meilleur prix, veuillez r\u00e9server directement aupr\u00e8s de nous. R\u00e9server Maintenant!\" \/>\n<meta property=\"og:url\" content=\"https:\/\/www.makrishotel.gr\/fr\/\" \/>\n<meta property=\"og:site_name\" content=\"Makris Santorini Hotel Kamari Beach\" \/>\n<meta property=\"article:publisher\" content=\"https:\/\/www.facebook.com\/MakrisHotelSantorini\" \/>\n<meta property=\"article:modified_time\" content=\"2022-02-08T08:11:53+00:00\" \/>\n<meta name=\"twitter:card\" content=\"summary_large_image\" \/>\n<meta name=\"twitter:label1\" content=\"Dur\u00e9e de lecture estim\u00e9e\" \/>\n\t<meta name=\"twitter:data1\" content=\"1 minute\" \/>\n<script type=\"application\/ld+json\" class=\"yoast-schema-graph\">{\"@context\":\"https:\/\/schema.org\",\"@graph\":[{\"@type\":\"WebPage\",\"@id\":\"https:\/\/www.makrishotel.gr\/fr\/\",\"url\":\"https:\/\/www.makrishotel.gr\/fr\/\",\"name\":\"H\u00f4tel Makris Santorini - Plage de Kamari\",\"isPartOf\":{\"@id\":\"https:\/\/www.makrishotel.gr\/#website\"},\"datePublished\":\"2016-07-02T17:25:54+00:00\",\"dateModified\":\"2022-02-08T08:11:53+00:00\",\"description\":\"Pour b\u00e9n\u00e9ficier de la garantie du meilleur prix, veuillez r\u00e9server directement aupr\u00e8s de nous. R\u00e9server Maintenant!\",\"inLanguage\":\"fr-FR\",\"potentialAction\":[{\"@type\":\"ReadAction\",\"target\":[\"https:\/\/www.makrishotel.gr\/fr\/\"]}]},{\"@type\":\"WebSite\",\"@id\":\"https:\/\/www.makrishotel.gr\/#website\",\"url\":\"https:\/\/www.makrishotel.gr\/\",\"name\":\"Makris Santorini Hotel Kamari Beach\",\"description\":\"\",\"publisher\":{\"@id\":\"https:\/\/www.makrishotel.gr\/#organization\"},\"potentialAction\":[{\"@type\":\"SearchAction\",\"target\":{\"@type\":\"EntryPoint\",\"urlTemplate\":\"https:\/\/www.makrishotel.gr\/?s={search_term_string}\"},\"query-input\":\"required name=search_term_string\"}],\"inLanguage\":\"fr-FR\"},{\"@type\":\"Organization\",\"@id\":\"https:\/\/www.makrishotel.gr\/#organization\",\"name\":\"Makris Santorini Hotel Kamari Beach\",\"url\":\"https:\/\/www.makrishotel.gr\/\",\"logo\":{\"@type\":\"ImageObject\",\"inLanguage\":\"fr-FR\",\"@id\":\"https:\/\/www.makrishotel.gr\/#\/schema\/logo\/image\/\",\"url\":\"https:\/\/www.makrishotel.gr\/wp-content\/uploads\/2016\/07\/logo.png\",\"contentUrl\":\"https:\/\/www.makrishotel.gr\/wp-content\/uploads\/2016\/07\/logo.png\",\"width\":284,\"height\":62,\"caption\":\"Makris Santorini Hotel Kamari Beach\"},\"image\":{\"@id\":\"https:\/\/www.makrishotel.gr\/#\/schema\/logo\/image\/\"},\"sameAs\":[\"https:\/\/www.facebook.com\/MakrisHotelSantorini\"]}]}<\/script>\n<!-- \/ Yoast SEO plugin. -->","yoast_head_json":{"title":"H\u00f4tel Makris Santorini - Plage de Kamari","description":"Pour b\u00e9n\u00e9ficier de la garantie du meilleur prix, veuillez r\u00e9server directement aupr\u00e8s de nous. R\u00e9server Maintenant!","robots":{"index":"index","follow":"follow","max-snippet":"max-snippet:-1","max-image-preview":"max-image-preview:large","max-video-preview":"max-video-preview:-1"},"canonical":"https:\/\/www.makrishotel.gr\/fr\/","og_locale":"fr_FR","og_type":"article","og_title":"H\u00f4tel Makris Santorini - Plage de Kamari","og_description":"Pour b\u00e9n\u00e9ficier de la garantie du meilleur prix, veuillez r\u00e9server directement aupr\u00e8s de nous. R\u00e9server Maintenant!","og_url":"https:\/\/www.makrishotel.gr\/fr\/","og_site_name":"Makris Santorini Hotel Kamari Beach","article_publisher":"https:\/\/www.facebook.com\/MakrisHotelSantorini","article_modified_time":"2022-02-08T08:11:53+00:00","twitter_card":"summary_large_image","twitter_misc":{"Dur\u00e9e de lecture estim\u00e9e":"1 minute"},"schema":{"@context":"https:\/\/schema.org","@graph":[{"@type":"WebPage","@id":"https:\/\/www.makrishotel.gr\/fr\/","url":"https:\/\/www.makrishotel.gr\/fr\/","name":"H\u00f4tel Makris Santorini - Plage de Kamari","isPartOf":{"@id":"https:\/\/www.makrishotel.gr\/#website"},"datePublished":"2016-07-02T17:25:54+00:00","dateModified":"2022-02-08T08:11:53+00:00","description":"Pour b\u00e9n\u00e9ficier de la garantie du meilleur prix, veuillez r\u00e9server directement aupr\u00e8s de nous. R\u00e9server Maintenant!","inLanguage":"fr-FR","potentialAction":[{"@type":"ReadAction","target":["https:\/\/www.makrishotel.gr\/fr\/"]}]},{"@type":"WebSite","@id":"https:\/\/www.makrishotel.gr\/#website","url":"https:\/\/www.makrishotel.gr\/","name":"Makris Santorini Hotel Kamari Beach","description":"","publisher":{"@id":"https:\/\/www.makrishotel.gr\/#organization"},"potentialAction":[{"@type":"SearchAction","target":{"@type":"EntryPoint","urlTemplate":"https:\/\/www.makrishotel.gr\/?s={search_term_string}"},"query-input":"required name=search_term_string"}],"inLanguage":"fr-FR"},{"@type":"Organization","@id":"https:\/\/www.makrishotel.gr\/#organization","name":"Makris Santorini Hotel Kamari Beach","url":"https:\/\/www.makrishotel.gr\/","logo":{"@type":"ImageObject","inLanguage":"fr-FR","@id":"https:\/\/www.makrishotel.gr\/#\/schema\/logo\/image\/","url":"https:\/\/www.makrishotel.gr\/wp-content\/uploads\/2016\/07\/logo.png","contentUrl":"https:\/\/www.makrishotel.gr\/wp-content\/uploads\/2016\/07\/logo.png","width":284,"height":62,"caption":"Makris Santorini Hotel Kamari Beach"},"image":{"@id":"https:\/\/www.makrishotel.gr\/#\/schema\/logo\/image\/"},"sameAs":["https:\/\/www.facebook.com\/MakrisHotelSantorini"]}]}},"_links":{"self":[{"href":"https:\/\/www.makrishotel.gr\/fr\/wp-json\/wp\/v2\/pages\/3818"}],"collection":[{"href":"https:\/\/www.makrishotel.gr\/fr\/wp-json\/wp\/v2\/pages"}],"about":[{"href":"https:\/\/www.makrishotel.gr\/fr\/wp-json\/wp\/v2\/types\/page"}],"author":[{"embeddable":true,"href":"https:\/\/www.makrishotel.gr\/fr\/wp-json\/wp\/v2\/users\/3"}],"replies":[{"embeddable":true,"href":"https:\/\/www.makrishotel.gr\/fr\/wp-json\/wp\/v2\/comments?post=3818"}],"version-history":[{"count":0,"href":"https:\/\/www.makrishotel.gr\/fr\/wp-json\/wp\/v2\/pages\/3818\/revisions"}],"wp:attachment":[{"href":"https:\/\/www.makrishotel.gr\/fr\/wp-json\/wp\/v2\/media?parent=3818"}],"curies":[{"name":"wp","href":"https:\/\/api.w.org\/{rel}","templated":true}]}}